{"id":1372,"date":"2019-05-10T09:39:21","date_gmt":"2019-05-10T09:39:21","guid":{"rendered":"https:\/\/rudystaxicompany.nl\/private-tours\/1-2-day-city-tour\/"},"modified":"2022-05-15T11:58:23","modified_gmt":"2022-05-15T11:58:23","slug":"1-2-day-city-tour","status":"publish","type":"page","link":"https:\/\/rudystaxicompany.nl\/es\/private-tours\/1-2-day-city-tour\/","title":{"rendered":"1\/2 Dia City Tour"},"content":{"rendered":"<div class=\"fusion-fullwidth fullwidth-box fusion-builder-row-1 nonhundred-percent-fullwidth non-hundred-percent-height-scrolling\" style=\"--awb-border-radius-top-left:0px;--awb-border-radius-top-right:0px;--awb-border-radius-bottom-right:0px;--awb-border-radius-bottom-left:0px;--awb-flex-wrap:wrap;\" ><div class=\"fusion-builder-row fusion-row\"><div class=\"fusion-layout-column fusion_builder_column fusion-builder-column-0 fusion_builder_column_1_1 1_1 fusion-one-full fusion-column-first fusion-column-last\" style=\"--awb-bg-size:cover;\"><div class=\"fusion-column-wrapper fusion-flex-column-wrapper-legacy\"><div class=\"fusion-clearfix\"><\/div><\/div><\/div><div class=\"fusion-layout-column fusion_builder_column fusion-builder-column-1 fusion_builder_column_1_1 1_1 fusion-one-full fusion-column-first fusion-column-last\" style=\"--awb-bg-size:cover;\"><div class=\"fusion-column-wrapper fusion-flex-column-wrapper-legacy\"><div class=\"fusion-clearfix\"><\/div><\/div><\/div><div class=\"fusion-layout-column fusion_builder_column fusion-builder-column-2 fusion_builder_column_2_3 2_3 fusion-two-third fusion-column-first\" style=\"--awb-bg-size:cover;width:66.666666666667%;width:calc(66.666666666667% - ( ( 4% ) * 0.66666666666667 ) );margin-right: 4%;\"><div class=\"fusion-column-wrapper fusion-flex-column-wrapper-legacy\"><div class=\"fusion-text fusion-text-1\"><h1>1\/2 Dia City Tour<\/h1>\n<h4>Amsterdam, Haarlem, Gouda, Leiden en Delft<\/h4>\n<p>Para aquellos que gustan de explorar y desea descubrir m\u00e1s de los pa\u00edses bajos: elija una de nuestras excursiones por la ciudad de 1\/2 d\u00eda!<\/p>\n<p>Visite la Haarlem, una ciudad encantadora a lo largo del R\u00edo Spaarne, con sus numerosas boutiques locales y delicias culinarias. Leiden, una verdadera ciudad cultural y popular para los estudiantes, con un encantador casco antiguo de la ciudad tambi\u00e9n merece la pena.<\/p>\n<p>Gouda, muy pintoresco y conocido por el queso Gouda o Delft, la ciudad del pintor Johannes Vermeer, con sus hermosas iglesias y donde la f\u00e1brica real del fregadero todav\u00eda hace la cer\u00e1mica original sobre una base diaria.<\/p>\n<p>O por \u00faltimo, pero no menos importante, \u00c1msterdam. La capital de los Pa\u00edses Bajos tiene tanto que ofrecer! Durante un city tour de medio d\u00eda, podemos mostrar aspectos m\u00e1s destacados de la ciudad y dejarlo algunas de sus historias, leyendas urbanas, y tambi\u00e9n dejar tiempo suficiente para caminar solo por ah\u00ed solo, ir de compras o visitar un museo..<\/p>\n<\/div><div class=\"fusion-clearfix\"><\/div><\/div><\/div><div class=\"fusion-layout-column fusion_builder_column fusion-builder-column-3 fusion_builder_column_1_3 1_3 fusion-one-third fusion-column-last\" style=\"--awb-bg-size:cover;width:33.333333333333%;width:calc(33.333333333333% - ( ( 4% ) * 0.33333333333333 ) );\"><div class=\"fusion-column-wrapper fusion-flex-column-wrapper-legacy\"><div class=\"fusion-image-element in-legacy-container\" style=\"--awb-caption-title-font-family:var(--h2_typography-font-family);--awb-caption-title-font-weight:var(--h2_typography-font-weight);--awb-caption-title-font-style:var(--h2_typography-font-style);--awb-caption-title-size:var(--h2_typography-font-size);--awb-caption-title-transform:var(--h2_typography-text-transform);--awb-caption-title-line-height:var(--h2_typography-line-height);--awb-caption-title-letter-spacing:var(--h2_typography-letter-spacing);\"><span class=\" fusion-imageframe imageframe-none imageframe-1 hover-type-none\"><img decoding=\"async\" width=\"614\" height=\"286\" title=\"Jordaan\" src=\"https:\/\/rudystaxicompany.nl\/wp-content\/uploads\/2019\/02\/Jordaan.png\" alt class=\"img-responsive wp-image-1099\" srcset=\"https:\/\/rudystaxicompany.nl\/wp-content\/uploads\/2019\/02\/Jordaan-200x93.png 200w, https:\/\/rudystaxicompany.nl\/wp-content\/uploads\/2019\/02\/Jordaan-400x186.png 400w, https:\/\/rudystaxicompany.nl\/wp-content\/uploads\/2019\/02\/Jordaan-600x279.png 600w, https:\/\/rudystaxicompany.nl\/wp-content\/uploads\/2019\/02\/Jordaan.png 614w\" sizes=\"(max-width: 800px) 100vw, 400px\" \/><\/span><\/div><div class=\"fusion-sep-clear\"><\/div><div class=\"fusion-separator fusion-full-width-sep\" style=\"margin-left: auto;margin-right: auto;margin-top:20px;width:100%;\"><\/div><div class=\"fusion-sep-clear\"><\/div><div class=\"fusion-text fusion-text-2\"><p><strong>Duraci\u00f3n:<\/strong> +\/- 5 horas<br \/>\n<strong>Incluye:<\/strong> chofer\/gu\u00eda que habla Espa\u00f1ol (coche\/minib\u00fas), kilometraje, aparcamiento e IVA<br \/>\n<strong>No incluye:<\/strong> tarifas de entrada, almuerzo y bebidas (excepto agua mineral en el coche)<br \/>\n<strong>Precio: <\/strong>\u20ac325,- <em>por el coche Mercedes E-clase e<\/em><strong>\u00a0<\/strong>\u20ac375,- <em>por el minivan Mercedes V-clase<\/em><\/p>\n<\/div><div class=\"fusion-button-wrapper fusion-align-block\"><a class=\"fusion-button button-flat button-medium button-default fusion-button-default button-1 fusion-button-span-yes fusion-button-default-type\" target=\"_self\" href=\"https:\/\/rudystaxicompany.nl\/es\/bookings\/reservar-su-tour-privado\/\"><span class=\"fusion-button-text awb-button__text awb-button__text--default\">Reservar este tour!<\/span><\/a><\/div><div class=\"fusion-clearfix\"><\/div><\/div><\/div><\/div><\/div>\n","protected":false},"excerpt":{"rendered":"","protected":false},"author":2,"featured_media":0,"parent":204,"menu_order":0,"comment_status":"closed","ping_status":"closed","template":"100-width.php","meta":{"footnotes":""},"class_list":["post-1372","page","type-page","status-publish","hentry"],"_links":{"self":[{"href":"https:\/\/rudystaxicompany.nl\/es\/wp-json\/wp\/v2\/pages\/1372","targetHints":{"allow":["GET"]}}],"collection":[{"href":"https:\/\/rudystaxicompany.nl\/es\/wp-json\/wp\/v2\/pages"}],"about":[{"href":"https:\/\/rudystaxicompany.nl\/es\/wp-json\/wp\/v2\/types\/page"}],"author":[{"embeddable":true,"href":"https:\/\/rudystaxicompany.nl\/es\/wp-json\/wp\/v2\/users\/2"}],"replies":[{"embeddable":true,"href":"https:\/\/rudystaxicompany.nl\/es\/wp-json\/wp\/v2\/comments?post=1372"}],"version-history":[{"count":0,"href":"https:\/\/rudystaxicompany.nl\/es\/wp-json\/wp\/v2\/pages\/1372\/revisions"}],"up":[{"embeddable":true,"href":"https:\/\/rudystaxicompany.nl\/es\/wp-json\/wp\/v2\/pages\/204"}],"wp:attachment":[{"href":"https:\/\/rudystaxicompany.nl\/es\/wp-json\/wp\/v2\/media?parent=1372"}],"curies":[{"name":"wp","href":"https:\/\/api.w.org\/{rel}","templated":true}]}}