{"id":1376,"date":"2019-05-10T09:44:32","date_gmt":"2019-05-10T09:44:32","guid":{"rendered":"https:\/\/rudystaxicompany.nl\/private-tours\/hidden-gems\/"},"modified":"2022-05-15T11:57:34","modified_gmt":"2022-05-15T11:57:34","slug":"hidden-gems","status":"publish","type":"page","link":"https:\/\/rudystaxicompany.nl\/es\/private-tours\/hidden-gems\/","title":{"rendered":"Hidden Gems!"},"content":{"rendered":"<div class=\"fusion-fullwidth fullwidth-box fusion-builder-row-1 nonhundred-percent-fullwidth non-hundred-percent-height-scrolling\" style=\"--awb-border-radius-top-left:0px;--awb-border-radius-top-right:0px;--awb-border-radius-bottom-right:0px;--awb-border-radius-bottom-left:0px;--awb-flex-wrap:wrap;\" ><div class=\"fusion-builder-row fusion-row\"><div class=\"fusion-layout-column fusion_builder_column fusion-builder-column-0 fusion_builder_column_1_1 1_1 fusion-one-full fusion-column-first fusion-column-last\" style=\"--awb-bg-size:cover;\"><div class=\"fusion-column-wrapper fusion-flex-column-wrapper-legacy\"><div class=\"fusion-clearfix\"><\/div><\/div><\/div><div class=\"fusion-layout-column fusion_builder_column fusion-builder-column-1 fusion_builder_column_1_1 1_1 fusion-one-full fusion-column-first fusion-column-last\" style=\"--awb-bg-size:cover;\"><div class=\"fusion-column-wrapper fusion-flex-column-wrapper-legacy\"><div class=\"fusion-clearfix\"><\/div><\/div><\/div><div class=\"fusion-layout-column fusion_builder_column fusion-builder-column-2 fusion_builder_column_2_3 2_3 fusion-two-third fusion-column-first\" style=\"--awb-bg-size:cover;width:66.666666666667%;width:calc(66.666666666667% - ( ( 4% ) * 0.66666666666667 ) );margin-right: 4%;\"><div class=\"fusion-column-wrapper fusion-flex-column-wrapper-legacy\"><div class=\"fusion-text fusion-text-1\"><h1>Hidden Gems!<\/h1>\n<h4>Kasteel de Haar, Oud Zuilen,\u00a0 Loenen a\/d Vecht<\/h4>\n<p>Si usted quiere alejarse del bullicio de la ciudad, hoy en d\u00eda, usted puede sumergirse en la campi\u00f1a holandesa a lo largo del r\u00edo Vecht y disfrutar de las \u00abjoyas ocultas\u00bb, que encontrar\u00e1 a lo largo del camino. Una de esas joyas con certeza es el Castillo De Haar.<\/p>\n<p>Detr\u00e1s de cada puerta, cada detalle, cada flor en el jard\u00edn, hay una historia. Una historia sobre las \u00e9pocas, culturas y personajes interesantes. De Haar es el castillo m\u00e1s grande de los pa\u00edses bajos, una vez la residencia privada de la familia Van Zuylen, cuyos descendientes a\u00fan permanecen aqu\u00ed anualmente..<\/p>\n<p>En el siglo pasado, el castillo acogi\u00f3 tambi\u00e9n a menudo los miembros del jet set internacional con su fastuoso estilo de vida; de Coco Chanel a Roger Moore, tambi\u00e9n dej\u00f3 su marca en los suntuosos salones de la m\u00e1s opulenta en Utrecht.<\/p>\n<p>Para el almuerzo, hay una gran variedad de opciones a lo largo de la orilla del r\u00edo con impresionantes vistas y excelente comida. En nuestro camino a lo largo de la costa, a trav\u00e9s de varios pueblitos pintorescos, magn\u00edficas casas y para Holanda rural local.<\/p>\n<\/div><div class=\"fusion-clearfix\"><\/div><\/div><\/div><div class=\"fusion-layout-column fusion_builder_column fusion-builder-column-3 fusion_builder_column_1_3 1_3 fusion-one-third fusion-column-last\" style=\"--awb-bg-size:cover;width:33.333333333333%;width:calc(33.333333333333% - ( ( 4% ) * 0.33333333333333 ) );\"><div class=\"fusion-column-wrapper fusion-flex-column-wrapper-legacy\"><div class=\"fusion-image-element in-legacy-container\" style=\"--awb-caption-title-font-family:var(--h2_typography-font-family);--awb-caption-title-font-weight:var(--h2_typography-font-weight);--awb-caption-title-font-style:var(--h2_typography-font-style);--awb-caption-title-size:var(--h2_typography-font-size);--awb-caption-title-transform:var(--h2_typography-text-transform);--awb-caption-title-line-height:var(--h2_typography-line-height);--awb-caption-title-letter-spacing:var(--h2_typography-letter-spacing);\"><span class=\" fusion-imageframe imageframe-none imageframe-1 hover-type-none\"><img decoding=\"async\" width=\"720\" height=\"480\" title=\"kasteel de haar_720x480_72dpi\" src=\"https:\/\/rudystaxicompany.nl\/wp-content\/uploads\/2019\/02\/kasteel-de-haar_720x480_72dpi.jpg\" alt class=\"img-responsive wp-image-1136\" srcset=\"https:\/\/rudystaxicompany.nl\/wp-content\/uploads\/2019\/02\/kasteel-de-haar_720x480_72dpi-200x133.jpg 200w, https:\/\/rudystaxicompany.nl\/wp-content\/uploads\/2019\/02\/kasteel-de-haar_720x480_72dpi-400x267.jpg 400w, https:\/\/rudystaxicompany.nl\/wp-content\/uploads\/2019\/02\/kasteel-de-haar_720x480_72dpi-600x400.jpg 600w, https:\/\/rudystaxicompany.nl\/wp-content\/uploads\/2019\/02\/kasteel-de-haar_720x480_72dpi.jpg 720w\" sizes=\"(max-width: 800px) 100vw, 400px\" \/><\/span><\/div><div class=\"fusion-sep-clear\"><\/div><div class=\"fusion-separator fusion-full-width-sep\" style=\"margin-left: auto;margin-right: auto;margin-top:20px;width:100%;\"><\/div><div class=\"fusion-sep-clear\"><\/div><div class=\"fusion-text fusion-text-2\"><p><strong>Duraci\u00f3n:<\/strong> +\/- 8 horas<br \/>\n<strong>Incluye:<\/strong> chofer\/gu\u00eda que habla Espa\u00f1ol (coche\/minib\u00fas), kilometraje, aparcamiento e IVA<br \/>\n<strong>No incluye:<\/strong> tarifas de entrada, almuerzo y bebidas (excepto agua mineral en el coche)<br \/>\n<strong>Precio: <\/strong>\u20ac520,- <em>Mercedes E -clase coche <\/em><strong>o <\/strong>\u20ac600,- <em>Mercedes V-clase minivan<\/em><\/p>\n<\/div><div class=\"fusion-button-wrapper fusion-align-block\"><a class=\"fusion-button button-flat button-medium button-default fusion-button-default button-1 fusion-button-span-yes fusion-button-default-type\" target=\"_self\" href=\"https:\/\/rudystaxicompany.nl\/es\/bookings\/reservar-su-tour-privado\/\"><span class=\"fusion-button-text awb-button__text awb-button__text--default\">Reservar este tour!<\/span><\/a><\/div><div class=\"fusion-clearfix\"><\/div><\/div><\/div><\/div><\/div>\n","protected":false},"excerpt":{"rendered":"","protected":false},"author":2,"featured_media":0,"parent":204,"menu_order":0,"comment_status":"closed","ping_status":"closed","template":"100-width.php","meta":{"footnotes":""},"class_list":["post-1376","page","type-page","status-publish","hentry"],"_links":{"self":[{"href":"https:\/\/rudystaxicompany.nl\/es\/wp-json\/wp\/v2\/pages\/1376","targetHints":{"allow":["GET"]}}],"collection":[{"href":"https:\/\/rudystaxicompany.nl\/es\/wp-json\/wp\/v2\/pages"}],"about":[{"href":"https:\/\/rudystaxicompany.nl\/es\/wp-json\/wp\/v2\/types\/page"}],"author":[{"embeddable":true,"href":"https:\/\/rudystaxicompany.nl\/es\/wp-json\/wp\/v2\/users\/2"}],"replies":[{"embeddable":true,"href":"https:\/\/rudystaxicompany.nl\/es\/wp-json\/wp\/v2\/comments?post=1376"}],"version-history":[{"count":0,"href":"https:\/\/rudystaxicompany.nl\/es\/wp-json\/wp\/v2\/pages\/1376\/revisions"}],"up":[{"embeddable":true,"href":"https:\/\/rudystaxicompany.nl\/es\/wp-json\/wp\/v2\/pages\/204"}],"wp:attachment":[{"href":"https:\/\/rudystaxicompany.nl\/es\/wp-json\/wp\/v2\/media?parent=1376"}],"curies":[{"name":"wp","href":"https:\/\/api.w.org\/{rel}","templated":true}]}}