{"id":420,"date":"2018-02-18T09:45:39","date_gmt":"2018-02-18T09:45:39","guid":{"rendered":"http:\/\/rudystaxicompany.nl\/?page_id=420"},"modified":"2022-05-15T11:59:27","modified_gmt":"2022-05-15T11:59:27","slug":"brugge","status":"publish","type":"page","link":"https:\/\/rudystaxicompany.nl\/es\/private-tours\/brugge\/","title":{"rendered":"Brujas"},"content":{"rendered":"<div class=\"fusion-fullwidth fullwidth-box fusion-builder-row-1 nonhundred-percent-fullwidth non-hundred-percent-height-scrolling\" style=\"--awb-border-radius-top-left:0px;--awb-border-radius-top-right:0px;--awb-border-radius-bottom-right:0px;--awb-border-radius-bottom-left:0px;--awb-flex-wrap:wrap;\" ><div class=\"fusion-builder-row fusion-row\"><div class=\"fusion-layout-column fusion_builder_column fusion-builder-column-0 fusion_builder_column_1_1 1_1 fusion-one-full fusion-column-first fusion-column-last\" style=\"--awb-bg-size:cover;\"><div class=\"fusion-column-wrapper fusion-flex-column-wrapper-legacy\"><div class=\"fusion-clearfix\"><\/div><\/div><\/div><div class=\"fusion-layout-column fusion_builder_column fusion-builder-column-1 fusion_builder_column_1_1 1_1 fusion-one-full fusion-column-first fusion-column-last\" style=\"--awb-bg-size:cover;\"><div class=\"fusion-column-wrapper fusion-flex-column-wrapper-legacy\"><div class=\"fusion-clearfix\"><\/div><\/div><\/div><div class=\"fusion-layout-column fusion_builder_column fusion-builder-column-2 fusion_builder_column_2_3 2_3 fusion-two-third fusion-column-first\" style=\"--awb-bg-size:cover;width:66.666666666667%;width:calc(66.666666666667% - ( ( 4% ) * 0.66666666666667 ) );margin-right: 4%;\"><div class=\"fusion-column-wrapper fusion-flex-column-wrapper-legacy\"><div class=\"fusion-text fusion-text-1\"><h1>Brujas<\/h1>\n<h4>Obras del Delta, museo Neeltje Jans, Brujas<\/h4>\n<p>Adem\u00e1s de los recorridos que hacemos en los pa\u00edses bajos, tambi\u00e9n hacemos viajes a las ciudades m\u00e1s grandes de B\u00e9lgica y Par\u00eds incluso es posible.<\/p>\n<p>El tour de 1 d\u00eda para Las Brujas sale de \u00c1msterdam por la ma\u00f1ana y nos lleva a trav\u00e9s del obras del Delta para nuestro destino Brujas. Las obras del Delta, conocidas como la \u00ab8\u00aa maravilla mundial\u00bb, son las barreras de tormenta m\u00e1s grandes del mundo. Fueron creados despu\u00e9s de las inundaciones de 1953 para proteger el pa\u00eds contra el mar. Con los obras del Delta, las probabilidades de otra inundaci\u00f3n fueron reducidas a una vez cada 4.000 a\u00f1os.<\/p>\n<p>Llegamos a Brujas a mediod\u00eda y tomamos un tour de la ciudad. Brujas es internacionalmente conocido y amado. En el a\u00f1o 2000, la Unesco declar\u00f3 el centro hist\u00f3rico de la ciudad de Patrimonio Mundial de la UNESCO.<\/p>\n<p>Por la tarde uno puede pasear por sus viejas calles, visitar el Museo de chocolates o descubrir mas de Brujas en barco. Al final del d\u00eda regresamos a \u00c1msterdam. (o continuamos el viaje si se trata de un tour de 2 d\u00edas)<\/p>\n<\/div><div class=\"fusion-clearfix\"><\/div><\/div><\/div><div class=\"fusion-layout-column fusion_builder_column fusion-builder-column-3 fusion_builder_column_1_3 1_3 fusion-one-third fusion-column-last\" style=\"--awb-bg-size:cover;width:33.333333333333%;width:calc(33.333333333333% - ( ( 4% ) * 0.33333333333333 ) );\"><div class=\"fusion-column-wrapper fusion-flex-column-wrapper-legacy\"><div class=\"fusion-image-element in-legacy-container\" style=\"--awb-caption-title-font-family:var(--h2_typography-font-family);--awb-caption-title-font-weight:var(--h2_typography-font-weight);--awb-caption-title-font-style:var(--h2_typography-font-style);--awb-caption-title-size:var(--h2_typography-font-size);--awb-caption-title-transform:var(--h2_typography-text-transform);--awb-caption-title-line-height:var(--h2_typography-line-height);--awb-caption-title-letter-spacing:var(--h2_typography-letter-spacing);\"><span class=\" fusion-imageframe imageframe-none imageframe-1 hover-type-none\"><img decoding=\"async\" width=\"300\" height=\"199\" title=\"Brugge , Belgium map pin\" src=\"http:\/\/rudystaxicompany.nl\/wp-content\/uploads\/2018\/01\/brugge.2-1-300x199.jpg\" alt class=\"img-responsive wp-image-870\" srcset=\"https:\/\/rudystaxicompany.nl\/wp-content\/uploads\/2018\/01\/brugge.2-1-200x133.jpg 200w, https:\/\/rudystaxicompany.nl\/wp-content\/uploads\/2018\/01\/brugge.2-1-400x266.jpg 400w, https:\/\/rudystaxicompany.nl\/wp-content\/uploads\/2018\/01\/brugge.2-1-600x398.jpg 600w, https:\/\/rudystaxicompany.nl\/wp-content\/uploads\/2018\/01\/brugge.2-1.jpg 800w\" sizes=\"(max-width: 800px) 100vw, 400px\" \/><\/span><\/div><div class=\"fusion-sep-clear\"><\/div><div class=\"fusion-separator fusion-full-width-sep\" style=\"margin-left: auto;margin-right: auto;margin-top:20px;width:100%;\"><\/div><div class=\"fusion-sep-clear\"><\/div><div class=\"fusion-text fusion-text-2\"><p><strong>Duraci\u00f3n:<\/strong> +\/- 12 horas<br \/>\n<strong>Incluye:<\/strong> chofer\/gu\u00eda que habla Espa\u00f1ol (coche\/minib\u00fas), kilometraje, aparcamiento e IVA<br \/>\n<strong>No incluye:<\/strong> tarifas de entrada, almuerzo y bebidas (excepto agua mineral en el coche)<br \/>\n<strong>Precio: <\/strong>\u20ac780,- <em>Mercedes E-clase coche<\/em> <strong>o<\/strong> \u20ac900,- <em>Mercedes V-clase minibus<\/em><br \/>\n<em>*Tambi\u00e9n es posible combinar este tour con una visita a la Gent, Br\u00facelas o Par\u00eds. (2 d\u00edas o m\u00e1s)<\/em><\/p>\n<\/div><div class=\"fusion-button-wrapper fusion-align-block\"><a class=\"fusion-button button-flat button-medium button-default fusion-button-default button-1 fusion-button-span-yes fusion-button-default-type\" target=\"_self\" href=\"https:\/\/rudystaxicompany.nl\/es\/bookings\/reservar-su-tour-privado\/\"><span class=\"fusion-button-text awb-button__text awb-button__text--default\">Reservar este tour!<\/span><\/a><\/div><div class=\"fusion-clearfix\"><\/div><\/div><\/div><\/div><\/div>\n","protected":false},"excerpt":{"rendered":"","protected":false},"author":2,"featured_media":0,"parent":204,"menu_order":0,"comment_status":"closed","ping_status":"closed","template":"100-width.php","meta":{"footnotes":""},"class_list":["post-420","page","type-page","status-publish","hentry"],"_links":{"self":[{"href":"https:\/\/rudystaxicompany.nl\/es\/wp-json\/wp\/v2\/pages\/420","targetHints":{"allow":["GET"]}}],"collection":[{"href":"https:\/\/rudystaxicompany.nl\/es\/wp-json\/wp\/v2\/pages"}],"about":[{"href":"https:\/\/rudystaxicompany.nl\/es\/wp-json\/wp\/v2\/types\/page"}],"author":[{"embeddable":true,"href":"https:\/\/rudystaxicompany.nl\/es\/wp-json\/wp\/v2\/users\/2"}],"replies":[{"embeddable":true,"href":"https:\/\/rudystaxicompany.nl\/es\/wp-json\/wp\/v2\/comments?post=420"}],"version-history":[{"count":0,"href":"https:\/\/rudystaxicompany.nl\/es\/wp-json\/wp\/v2\/pages\/420\/revisions"}],"up":[{"embeddable":true,"href":"https:\/\/rudystaxicompany.nl\/es\/wp-json\/wp\/v2\/pages\/204"}],"wp:attachment":[{"href":"https:\/\/rudystaxicompany.nl\/es\/wp-json\/wp\/v2\/media?parent=420"}],"curies":[{"name":"wp","href":"https:\/\/api.w.org\/{rel}","templated":true}]}}