{"id":423,"date":"2018-02-18T09:46:36","date_gmt":"2018-02-18T09:46:36","guid":{"rendered":"http:\/\/rudystaxicompany.nl\/?page_id=423"},"modified":"2022-05-15T12:03:47","modified_gmt":"2022-05-15T12:03:47","slug":"discover-the-north","status":"publish","type":"page","link":"https:\/\/rudystaxicompany.nl\/es\/private-tours\/discover-the-north\/","title":{"rendered":"Descubre el Norte"},"content":{"rendered":"<div class=\"fusion-fullwidth fullwidth-box fusion-builder-row-1 nonhundred-percent-fullwidth non-hundred-percent-height-scrolling\" style=\"--awb-border-radius-top-left:0px;--awb-border-radius-top-right:0px;--awb-border-radius-bottom-right:0px;--awb-border-radius-bottom-left:0px;--awb-flex-wrap:wrap;\" ><div class=\"fusion-builder-row fusion-row\"><div class=\"fusion-layout-column fusion_builder_column fusion-builder-column-0 fusion_builder_column_1_1 1_1 fusion-one-full fusion-column-first fusion-column-last\" style=\"--awb-bg-size:cover;\"><div class=\"fusion-column-wrapper fusion-flex-column-wrapper-legacy\"><div class=\"fusion-clearfix\"><\/div><\/div><\/div><div class=\"fusion-layout-column fusion_builder_column fusion-builder-column-1 fusion_builder_column_1_1 1_1 fusion-one-full fusion-column-first fusion-column-last\" style=\"--awb-bg-size:cover;\"><div class=\"fusion-column-wrapper fusion-flex-column-wrapper-legacy\"><div class=\"fusion-clearfix\"><\/div><\/div><\/div><div class=\"fusion-layout-column fusion_builder_column fusion-builder-column-2 fusion_builder_column_2_3 2_3 fusion-two-third fusion-column-first\" style=\"--awb-bg-size:cover;width:66.666666666667%;width:calc(66.666666666667% - ( ( 4% ) * 0.66666666666667 ) );margin-right: 4%;\"><div class=\"fusion-column-wrapper fusion-flex-column-wrapper-legacy\"><div class=\"fusion-text fusion-text-1\"><h1>Descubre el Norte<\/h1>\n<h4>Marken, Volendam, Edam, Zaanse Schans<\/h4>\n<p>A poca distancia al norte de \u00c1msterdam se llega a algunos de los lugares m\u00e1s aut\u00e9nticos en Holanda. Mucha gente ha o\u00eddo del queso holand\u00e9s, tal vez incluso probado, pero pocos saben c\u00f3mo se hace. Se puede visitar una granja y ver todo proceso de fabricaci\u00f3n del queso. El arte de hacer quesos, con su fascinante historia, es un proceso interesante para ver de cerca.<\/p>\n<p>El pueblo de Marken fue separado del continente despu\u00e9s de una tormenta en el siglo XIII. Siglos de aislamiento siguieron y la comunidad hace una vida de pesca. Hoy en d\u00eda el turismo es una importante fuente de ingresos. Las casas t\u00edpicas fueron construidas sobre palos y colinas. Necesita ver para creer c\u00f3mo una comunidad puede vivir en una peque\u00f1a isla en el antiguo Zuiderzee \u00abMar del Sur\u00bb durante siglos.<\/p>\n<p>Volendam, un antiguo pueblo de pescadores en el IJsselmeer tambi\u00e9n ofrece muchas tradiciones. En el peque\u00f1o puerto de pescadores con sus casas caracter\u00edsticas se puede probar la famosa anguila ahumada.<\/p>\n<p>Vamos a dejar el siglo XXI y visitar el Museo al aire libre \u00abZaanse Schans\u00bb. Con sus casas de madera del siglo 17 y 18, sus molinos de viento a lo largo del r\u00edo y puentes de arco para cruzar los canales peque\u00f1os uno regresa al pasado. \u00a1Siente la paz y la tranquilidad!<\/p>\n<\/div><div class=\"fusion-clearfix\"><\/div><\/div><\/div><div class=\"fusion-layout-column fusion_builder_column fusion-builder-column-3 fusion_builder_column_1_3 1_3 fusion-one-third fusion-column-last\" style=\"--awb-bg-size:cover;width:33.333333333333%;width:calc(33.333333333333% - ( ( 4% ) * 0.33333333333333 ) );\"><div class=\"fusion-column-wrapper fusion-flex-column-wrapper-legacy\"><div class=\"fusion-image-element in-legacy-container\" style=\"--awb-caption-title-font-family:var(--h2_typography-font-family);--awb-caption-title-font-weight:var(--h2_typography-font-weight);--awb-caption-title-font-style:var(--h2_typography-font-style);--awb-caption-title-size:var(--h2_typography-font-size);--awb-caption-title-transform:var(--h2_typography-text-transform);--awb-caption-title-line-height:var(--h2_typography-line-height);--awb-caption-title-letter-spacing:var(--h2_typography-letter-spacing);\"><span class=\" fusion-imageframe imageframe-none imageframe-1 hover-type-none\"><img decoding=\"async\" width=\"720\" height=\"480\" title=\"Nederland-Zaanse-Schans-3-molens-720&#215;480\" src=\"http:\/\/rudystaxicompany.nl\/wp-content\/uploads\/2018\/01\/Nederland-Zaanse-Schans-3-molens-720x480-1.jpg\" alt class=\"img-responsive wp-image-914\" srcset=\"https:\/\/rudystaxicompany.nl\/wp-content\/uploads\/2018\/01\/Nederland-Zaanse-Schans-3-molens-720x480-1-200x133.jpg 200w, https:\/\/rudystaxicompany.nl\/wp-content\/uploads\/2018\/01\/Nederland-Zaanse-Schans-3-molens-720x480-1-400x267.jpg 400w, https:\/\/rudystaxicompany.nl\/wp-content\/uploads\/2018\/01\/Nederland-Zaanse-Schans-3-molens-720x480-1-600x400.jpg 600w, https:\/\/rudystaxicompany.nl\/wp-content\/uploads\/2018\/01\/Nederland-Zaanse-Schans-3-molens-720x480-1.jpg 720w\" sizes=\"(max-width: 800px) 100vw, 400px\" \/><\/span><\/div><div class=\"fusion-sep-clear\"><\/div><div class=\"fusion-separator fusion-full-width-sep\" style=\"margin-left: auto;margin-right: auto;margin-top:20px;width:100%;\"><\/div><div class=\"fusion-sep-clear\"><\/div><div class=\"fusion-text fusion-text-2\"><p><strong>Duraci\u00f3n:<\/strong> +\/- 8 horas<br \/>\n<strong>Incluye:<\/strong> chofer\/gu\u00eda que habla Espa\u00f1ol (coche\/minib\u00fas), kilometraje, aparcamiento e IVA<br \/>\n<strong>No incluye:<\/strong> tarifas de entrada, almuerzo y bebidas (excepto agua mineral en el coche)<br \/>\n<strong>Precio: <\/strong>\u20ac520,- <em>Mercedes E -clase coche <\/em><strong>o <\/strong>\u20ac600,- <em>Mercedes V-clase minivan<\/em><\/p>\n<\/div><div class=\"fusion-button-wrapper fusion-align-block\"><a class=\"fusion-button button-flat button-medium button-default fusion-button-default button-1 fusion-button-span-yes fusion-button-default-type\" target=\"_self\" href=\"https:\/\/rudystaxicompany.nl\/es\/bookings\/reservar-su-tour-privado\/\"><span class=\"fusion-button-text awb-button__text awb-button__text--default\">Reservar este tour!<\/span><\/a><\/div><div class=\"fusion-clearfix\"><\/div><\/div><\/div><\/div><\/div>\n","protected":false},"excerpt":{"rendered":"","protected":false},"author":2,"featured_media":0,"parent":204,"menu_order":0,"comment_status":"closed","ping_status":"closed","template":"100-width.php","meta":{"footnotes":""},"class_list":["post-423","page","type-page","status-publish","hentry"],"_links":{"self":[{"href":"https:\/\/rudystaxicompany.nl\/es\/wp-json\/wp\/v2\/pages\/423","targetHints":{"allow":["GET"]}}],"collection":[{"href":"https:\/\/rudystaxicompany.nl\/es\/wp-json\/wp\/v2\/pages"}],"about":[{"href":"https:\/\/rudystaxicompany.nl\/es\/wp-json\/wp\/v2\/types\/page"}],"author":[{"embeddable":true,"href":"https:\/\/rudystaxicompany.nl\/es\/wp-json\/wp\/v2\/users\/2"}],"replies":[{"embeddable":true,"href":"https:\/\/rudystaxicompany.nl\/es\/wp-json\/wp\/v2\/comments?post=423"}],"version-history":[{"count":0,"href":"https:\/\/rudystaxicompany.nl\/es\/wp-json\/wp\/v2\/pages\/423\/revisions"}],"up":[{"embeddable":true,"href":"https:\/\/rudystaxicompany.nl\/es\/wp-json\/wp\/v2\/pages\/204"}],"wp:attachment":[{"href":"https:\/\/rudystaxicompany.nl\/es\/wp-json\/wp\/v2\/media?parent=423"}],"curies":[{"name":"wp","href":"https:\/\/api.w.org\/{rel}","templated":true}]}}