{"id":430,"date":"2018-02-18T09:48:18","date_gmt":"2018-02-18T09:48:18","guid":{"rendered":"http:\/\/rudystaxicompany.nl\/?page_id=430"},"modified":"2022-05-15T12:02:52","modified_gmt":"2022-05-15T12:02:52","slug":"flower-power-march-22-may-13-season-2018","status":"publish","type":"page","link":"https:\/\/rudystaxicompany.nl\/es\/private-tours\/flower-power-march-22-may-13-season-2018\/","title":{"rendered":"Flower Power (24 marzo &#8211; 15 mayo, 2022)"},"content":{"rendered":"<div class=\"fusion-fullwidth fullwidth-box fusion-builder-row-1 nonhundred-percent-fullwidth non-hundred-percent-height-scrolling\" style=\"--awb-border-radius-top-left:0px;--awb-border-radius-top-right:0px;--awb-border-radius-bottom-right:0px;--awb-border-radius-bottom-left:0px;--awb-flex-wrap:wrap;\" ><div class=\"fusion-builder-row fusion-row\"><div class=\"fusion-layout-column fusion_builder_column fusion-builder-column-0 fusion_builder_column_1_1 1_1 fusion-one-full fusion-column-first fusion-column-last\" style=\"--awb-bg-size:cover;\"><div class=\"fusion-column-wrapper fusion-flex-column-wrapper-legacy\"><div class=\"fusion-clearfix\"><\/div><\/div><\/div><div class=\"fusion-layout-column fusion_builder_column fusion-builder-column-1 fusion_builder_column_1_1 1_1 fusion-one-full fusion-column-first fusion-column-last\" style=\"--awb-bg-size:cover;\"><div class=\"fusion-column-wrapper fusion-flex-column-wrapper-legacy\"><div class=\"fusion-clearfix\"><\/div><\/div><\/div><div class=\"fusion-layout-column fusion_builder_column fusion-builder-column-2 fusion_builder_column_2_3 2_3 fusion-two-third fusion-column-first\" style=\"--awb-bg-size:cover;width:66.666666666667%;width:calc(66.666666666667% - ( ( 4% ) * 0.66666666666667 ) );margin-right: 4%;\"><div class=\"fusion-column-wrapper fusion-flex-column-wrapper-legacy\"><div class=\"fusion-text fusion-text-1\"><h1>Flower Power (21 marzo al 19 mayo 2019)<\/h1>\n<h4>Subasta de flores de Aalsmeer, Keukenhof y vista de campo<\/h4>\n<p>Flores y Holanda son inseparables. Campos de bulbos, trincheras largas y estrechas de flores y bandas verdes de hierba crean una paleta colorida, especialmente en las provincias de Noord-Holland y Flevoland.<\/p>\n<p>Hoy en d\u00eda Flora Holland es la compa\u00f1\u00eda de subasta de flores m\u00e1s grande del mundo. M\u00e1s de 20 millones de flores y plantas se venden en Flora Holland todos los d\u00edas, que es el 90% del comercio holand\u00e9s de flores. Las casas de subastas tienen unos 5.000 miembros, 9.000 proveedores, 3.500 clientes y 4.500 empleados. El negocio de la flor holandesa da empleo a 250.000 de personas en todo el mundo.<\/p>\n<p>\u00a1Tenemos que madrugar, pero merece la pena visitar! Sentir la tensi\u00f3n de las salas de subasta y ver la din\u00e1mica del comercio internacional de flores es una experiencia especial.<\/p>\n<p>Hacemos una visita a Keukenhof, un parque donde m\u00e1s de 7 millones de bulbos de flores se plantan cada a\u00f1o! Podr\u00e1s ver una fant\u00e1stica colecci\u00f3n de tulipanes, jacintos, narcisos, orqu\u00eddeas, rosas, claveles, y muchas otras flores: un espect\u00e1culo de colores y perfumes. Keukenhof incluye varios jardines y cuatro pabellones grandes que muestran las flores m\u00e1s hermosas imaginables. Cada a\u00f1o, el Keukenhof crea un nuevo look seg\u00fan un tema central. Aunque el parque est\u00e1 abierto s\u00f3lo ocho semanas al a\u00f1o, atrae a cerca de 800.000 visitantes cada a\u00f1o.<\/p>\n<\/div><div class=\"fusion-clearfix\"><\/div><\/div><\/div><div class=\"fusion-layout-column fusion_builder_column fusion-builder-column-3 fusion_builder_column_1_3 1_3 fusion-one-third fusion-column-last\" style=\"--awb-bg-size:cover;width:33.333333333333%;width:calc(33.333333333333% - ( ( 4% ) * 0.33333333333333 ) );\"><div class=\"fusion-column-wrapper fusion-flex-column-wrapper-legacy\"><div class=\"fusion-image-element in-legacy-container\" style=\"--awb-caption-title-font-family:var(--h2_typography-font-family);--awb-caption-title-font-weight:var(--h2_typography-font-weight);--awb-caption-title-font-style:var(--h2_typography-font-style);--awb-caption-title-size:var(--h2_typography-font-size);--awb-caption-title-transform:var(--h2_typography-text-transform);--awb-caption-title-line-height:var(--h2_typography-line-height);--awb-caption-title-letter-spacing:var(--h2_typography-letter-spacing);\"><span class=\" fusion-imageframe imageframe-none imageframe-1 hover-type-none\"><img decoding=\"async\" width=\"300\" height=\"200\" title=\"flower-power-private-tours\" src=\"http:\/\/rudystaxicompany.nl\/wp-content\/uploads\/2018\/02\/flower-power-private-tours-300x200.jpg\" alt class=\"img-responsive wp-image-976\" srcset=\"https:\/\/rudystaxicompany.nl\/wp-content\/uploads\/2018\/02\/flower-power-private-tours-200x133.jpg 200w, https:\/\/rudystaxicompany.nl\/wp-content\/uploads\/2018\/02\/flower-power-private-tours-400x267.jpg 400w, https:\/\/rudystaxicompany.nl\/wp-content\/uploads\/2018\/02\/flower-power-private-tours-600x400.jpg 600w, https:\/\/rudystaxicompany.nl\/wp-content\/uploads\/2018\/02\/flower-power-private-tours.jpg 720w\" sizes=\"(max-width: 800px) 100vw, 400px\" \/><\/span><\/div><div class=\"fusion-sep-clear\"><\/div><div class=\"fusion-separator fusion-full-width-sep\" style=\"margin-left: auto;margin-right: auto;margin-top:20px;width:100%;\"><\/div><div class=\"fusion-sep-clear\"><\/div><div class=\"fusion-text fusion-text-2\"><p><strong>Duraci\u00f3n:<\/strong> +\/- 8 horas<br \/>\n<strong>Incluye:<\/strong> chofer\/gu\u00eda que habla Espa\u00f1ol (coche\/minib\u00fas), kilometraje, aparcamiento e IVA<br \/>\n<strong>No incluye:<\/strong> tarifas de entrada, almuerzo y bebidas (excepto agua mineral en el coche)<br \/>\n<strong>Precio: <\/strong>\u20ac520,- <em>Mercedes E-clase coche <\/em><strong>o <\/strong>\u20ac600,- <em>Mercedes V-clase minivan<\/em><\/p>\n<\/div><div class=\"fusion-button-wrapper fusion-align-block\"><a class=\"fusion-button button-flat button-medium button-default fusion-button-default button-1 fusion-button-span-yes fusion-button-default-type\" target=\"_self\" href=\"https:\/\/rudystaxicompany.nl\/es\/bookings\/reservar-su-tour-privado\/\"><span class=\"fusion-button-text awb-button__text awb-button__text--default\">Reservar este tour!<\/span><\/a><\/div><div class=\"fusion-clearfix\"><\/div><\/div><\/div><\/div><\/div>\n","protected":false},"excerpt":{"rendered":"","protected":false},"author":2,"featured_media":0,"parent":204,"menu_order":0,"comment_status":"closed","ping_status":"closed","template":"100-width.php","meta":{"footnotes":""},"class_list":["post-430","page","type-page","status-publish","hentry"],"_links":{"self":[{"href":"https:\/\/rudystaxicompany.nl\/es\/wp-json\/wp\/v2\/pages\/430","targetHints":{"allow":["GET"]}}],"collection":[{"href":"https:\/\/rudystaxicompany.nl\/es\/wp-json\/wp\/v2\/pages"}],"about":[{"href":"https:\/\/rudystaxicompany.nl\/es\/wp-json\/wp\/v2\/types\/page"}],"author":[{"embeddable":true,"href":"https:\/\/rudystaxicompany.nl\/es\/wp-json\/wp\/v2\/users\/2"}],"replies":[{"embeddable":true,"href":"https:\/\/rudystaxicompany.nl\/es\/wp-json\/wp\/v2\/comments?post=430"}],"version-history":[{"count":0,"href":"https:\/\/rudystaxicompany.nl\/es\/wp-json\/wp\/v2\/pages\/430\/revisions"}],"up":[{"embeddable":true,"href":"https:\/\/rudystaxicompany.nl\/es\/wp-json\/wp\/v2\/pages\/204"}],"wp:attachment":[{"href":"https:\/\/rudystaxicompany.nl\/es\/wp-json\/wp\/v2\/media?parent=430"}],"curies":[{"name":"wp","href":"https:\/\/api.w.org\/{rel}","templated":true}]}}