{"id":438,"date":"2018-02-18T09:50:56","date_gmt":"2018-02-18T09:50:56","guid":{"rendered":"http:\/\/rudystaxicompany.nl\/?page_id=438"},"modified":"2022-05-15T12:01:40","modified_gmt":"2022-05-15T12:01:40","slug":"royal-dutch","status":"publish","type":"page","link":"https:\/\/rudystaxicompany.nl\/es\/private-tours\/royal-dutch\/","title":{"rendered":"Holanda Real"},"content":{"rendered":"<div class=\"fusion-fullwidth fullwidth-box fusion-builder-row-1 nonhundred-percent-fullwidth non-hundred-percent-height-scrolling\" style=\"--awb-border-radius-top-left:0px;--awb-border-radius-top-right:0px;--awb-border-radius-bottom-right:0px;--awb-border-radius-bottom-left:0px;--awb-flex-wrap:wrap;\" ><div class=\"fusion-builder-row fusion-row\"><div class=\"fusion-layout-column fusion_builder_column fusion-builder-column-0 fusion_builder_column_1_1 1_1 fusion-one-full fusion-column-first fusion-column-last\" style=\"--awb-bg-size:cover;\"><div class=\"fusion-column-wrapper fusion-flex-column-wrapper-legacy\"><div class=\"fusion-clearfix\"><\/div><\/div><\/div><div class=\"fusion-layout-column fusion_builder_column fusion-builder-column-1 fusion_builder_column_1_1 1_1 fusion-one-full fusion-column-first fusion-column-last\" style=\"--awb-bg-size:cover;\"><div class=\"fusion-column-wrapper fusion-flex-column-wrapper-legacy\"><div class=\"fusion-clearfix\"><\/div><\/div><\/div><div class=\"fusion-layout-column fusion_builder_column fusion-builder-column-2 fusion_builder_column_2_3 2_3 fusion-two-third fusion-column-first\" style=\"--awb-bg-size:cover;width:66.666666666667%;width:calc(66.666666666667% - ( ( 4% ) * 0.66666666666667 ) );margin-right: 4%;\"><div class=\"fusion-column-wrapper fusion-flex-column-wrapper-legacy\"><div class=\"fusion-text fusion-text-1\"><h1>Holanda Real<\/h1>\n<h4>La Haya, Madurodam, Scheveningen, Delft, Rotterdam<\/h4>\n<p>La Haya es la capital pol\u00edtica de nuestro pa\u00eds. Aqu\u00ed se encontrar\u00e1 la residencia real, el Palacio de la paz y el \u00abBinnenhof'\u00bb. Los edificios del Binnenhof, como el \u00abRidderzaal\u00bb (sala de los caballeros), la primera y segunda c\u00e1mara del Parlamento y el \u00abpeque\u00f1a torre\u00bbdel primer ministro, valen la pena de ver.<\/p>\n<p>Seguimos nuestro viaje a Scheveningen, que sin duda tiene una de las playas m\u00e1s populares para los surfistas. \u00a1Aqu\u00ed se encuentran los mejores lugares para disfrutar de pescado. Despu\u00e9s del almuerzo visitamos Madurodam con su mundo en miniatura.<\/p>\n<p>Delft es mundialmente famosa por su relaci\u00f3n con Johannes Vermeer, porcelana de Delft y la casa real. Entre 1600 y 1800, Delft fue uno de los m\u00e1s importantes productores de cer\u00e1mica en Europa. Hoy en d\u00eda, el Koninklijke Porceleyne Fles es la \u00fanica f\u00e1brica de porcelana del siglo XVII. La famosa porcelana de Delft es todav\u00eda todo pintado a mano, seg\u00fan siglos de tradici\u00f3n.<\/p>\n<p>Continuamos nuestro viaje al puerto de Rotterdam. Podemos embarcar en el barco \u201cSpido\u201d para tener una gran vista de uno de los puertos m\u00e1s grandes del mundo! El \u201cskyline\u201d de Rotterdam es fant\u00e1stico con todo su arquitectura moderna.<\/p>\n<\/div><div class=\"fusion-clearfix\"><\/div><\/div><\/div><div class=\"fusion-layout-column fusion_builder_column fusion-builder-column-3 fusion_builder_column_1_3 1_3 fusion-one-third fusion-column-last\" style=\"--awb-bg-size:cover;width:33.333333333333%;width:calc(33.333333333333% - ( ( 4% ) * 0.33333333333333 ) );\"><div class=\"fusion-column-wrapper fusion-flex-column-wrapper-legacy\"><div class=\"fusion-image-element in-legacy-container\" style=\"--awb-caption-title-font-family:var(--h2_typography-font-family);--awb-caption-title-font-weight:var(--h2_typography-font-weight);--awb-caption-title-font-style:var(--h2_typography-font-style);--awb-caption-title-size:var(--h2_typography-font-size);--awb-caption-title-transform:var(--h2_typography-text-transform);--awb-caption-title-line-height:var(--h2_typography-line-height);--awb-caption-title-letter-spacing:var(--h2_typography-letter-spacing);\"><span class=\" fusion-imageframe imageframe-none imageframe-1 hover-type-none\"><img decoding=\"async\" width=\"300\" height=\"200\" title=\"royal-dutch-private-tours\" src=\"http:\/\/rudystaxicompany.nl\/wp-content\/uploads\/2018\/02\/royal-dutch-private-tours-300x200.jpg\" alt class=\"img-responsive wp-image-974\" srcset=\"https:\/\/rudystaxicompany.nl\/wp-content\/uploads\/2018\/02\/royal-dutch-private-tours-200x133.jpg 200w, https:\/\/rudystaxicompany.nl\/wp-content\/uploads\/2018\/02\/royal-dutch-private-tours-400x267.jpg 400w, https:\/\/rudystaxicompany.nl\/wp-content\/uploads\/2018\/02\/royal-dutch-private-tours-600x400.jpg 600w, https:\/\/rudystaxicompany.nl\/wp-content\/uploads\/2018\/02\/royal-dutch-private-tours.jpg 720w\" sizes=\"(max-width: 800px) 100vw, 400px\" \/><\/span><\/div><div class=\"fusion-sep-clear\"><\/div><div class=\"fusion-separator fusion-full-width-sep\" style=\"margin-left: auto;margin-right: auto;margin-top:20px;width:100%;\"><\/div><div class=\"fusion-sep-clear\"><\/div><div class=\"fusion-text fusion-text-2\"><p><strong>Duraci\u00f3n:<\/strong> +\/- 8 horas<br \/>\n<strong>Incluye:<\/strong> chofer\/gu\u00eda que habla Espa\u00f1ol (coche\/minib\u00fas), kilometraje, aparcamiento e IVA<br \/>\n<strong>No incluye:<\/strong> tarifas de entrada, almuerzo y bebidas (excepto agua mineral en el coche)<br \/>\n<strong>Precio: <\/strong>\u20ac520,- <em>Mercedes E -clase coche <\/em><strong>o <\/strong>\u20ac600,- <em>Mercedes V-clase minivan<\/em><\/p>\n<\/div><div class=\"fusion-button-wrapper fusion-align-block\"><a class=\"fusion-button button-flat button-medium button-default fusion-button-default button-1 fusion-button-span-yes fusion-button-default-type\" target=\"_self\" href=\"https:\/\/rudystaxicompany.nl\/es\/bookings\/reservar-su-tour-privado\/\"><span class=\"fusion-button-text awb-button__text awb-button__text--default\">Reservar este tour!<\/span><\/a><\/div><div class=\"fusion-clearfix\"><\/div><\/div><\/div><\/div><\/div>\n","protected":false},"excerpt":{"rendered":"","protected":false},"author":2,"featured_media":0,"parent":204,"menu_order":0,"comment_status":"closed","ping_status":"closed","template":"100-width.php","meta":{"footnotes":""},"class_list":["post-438","page","type-page","status-publish","hentry"],"_links":{"self":[{"href":"https:\/\/rudystaxicompany.nl\/es\/wp-json\/wp\/v2\/pages\/438","targetHints":{"allow":["GET"]}}],"collection":[{"href":"https:\/\/rudystaxicompany.nl\/es\/wp-json\/wp\/v2\/pages"}],"about":[{"href":"https:\/\/rudystaxicompany.nl\/es\/wp-json\/wp\/v2\/types\/page"}],"author":[{"embeddable":true,"href":"https:\/\/rudystaxicompany.nl\/es\/wp-json\/wp\/v2\/users\/2"}],"replies":[{"embeddable":true,"href":"https:\/\/rudystaxicompany.nl\/es\/wp-json\/wp\/v2\/comments?post=438"}],"version-history":[{"count":0,"href":"https:\/\/rudystaxicompany.nl\/es\/wp-json\/wp\/v2\/pages\/438\/revisions"}],"up":[{"embeddable":true,"href":"https:\/\/rudystaxicompany.nl\/es\/wp-json\/wp\/v2\/pages\/204"}],"wp:attachment":[{"href":"https:\/\/rudystaxicompany.nl\/es\/wp-json\/wp\/v2\/media?parent=438"}],"curies":[{"name":"wp","href":"https:\/\/api.w.org\/{rel}","templated":true}]}}