{"id":1371,"date":"2019-05-10T09:39:21","date_gmt":"2019-05-10T09:39:21","guid":{"rendered":"https:\/\/rudystaxicompany.nl\/private-tours\/1-2-day-city-tour\/"},"modified":"2022-05-15T11:53:14","modified_gmt":"2022-05-15T11:53:14","slug":"1-2-day-city-tour","status":"publish","type":"page","link":"https:\/\/rudystaxicompany.nl\/pt-br\/private-tours\/1-2-day-city-tour\/","title":{"rendered":"1\/2 Dia Tour na Cidade"},"content":{"rendered":"<div class=\"fusion-fullwidth fullwidth-box fusion-builder-row-1 nonhundred-percent-fullwidth non-hundred-percent-height-scrolling\" style=\"--awb-border-radius-top-left:0px;--awb-border-radius-top-right:0px;--awb-border-radius-bottom-right:0px;--awb-border-radius-bottom-left:0px;--awb-flex-wrap:wrap;\" ><div class=\"fusion-builder-row fusion-row\"><div class=\"fusion-layout-column fusion_builder_column fusion-builder-column-0 fusion_builder_column_1_1 1_1 fusion-one-full fusion-column-first fusion-column-last\" style=\"--awb-bg-size:cover;\"><div class=\"fusion-column-wrapper fusion-flex-column-wrapper-legacy\"><div class=\"fusion-clearfix\"><\/div><\/div><\/div><div class=\"fusion-layout-column fusion_builder_column fusion-builder-column-1 fusion_builder_column_1_1 1_1 fusion-one-full fusion-column-first fusion-column-last\" style=\"--awb-bg-size:cover;\"><div class=\"fusion-column-wrapper fusion-flex-column-wrapper-legacy\"><div class=\"fusion-clearfix\"><\/div><\/div><\/div><div class=\"fusion-layout-column fusion_builder_column fusion-builder-column-2 fusion_builder_column_2_3 2_3 fusion-two-third fusion-column-first\" style=\"--awb-bg-size:cover;width:66.666666666667%;width:calc(66.666666666667% - ( ( 4% ) * 0.66666666666667 ) );margin-right: 4%;\"><div class=\"fusion-column-wrapper fusion-flex-column-wrapper-legacy\"><div class=\"fusion-text fusion-text-1\"><h1>1\/2 Dia Tour na Cidade<\/h1>\n<h4>Amsterdam, Haarlem, Gouda, Leiden en Delft<\/h4>\n<p>Para quem gosta de explorar e deseja descobrir mais de Holanda: escolha uma das nossas excurs\u00f5es pela cidade de 1\/2 dia! Visite a Haarlem, uma cidade encantadora ao longo do Rio Spaarne, com suas in\u00fameras boutiques locais e del\u00edcias culin\u00e1rias. Leiden, uma cidade verdadeira cultural &amp; popular para estudantes, com uma ador\u00e1vel antigo centro da cidade tamb\u00e9m vale a pena. Gouda, muito singular e mais conhecida para o queijo Gouda ou Delft, a cidade do pintor Johannes Vermeer, com suas belas igrejas e onde a f\u00e1brica de loi\u00e7as real ainda faz a cer\u00e2mica original em uma base di\u00e1ria&#8230;<span class=\"Apple-converted-space\">\u00a0<\/span><\/p>\n<p>Ou por \u00faltimo, mas n\u00e3o menos importante, Amesterd\u00e3o. A capital dos Pa\u00edses Baixos tem tanto a oferecer! Durante um city tour de meio dia, podemos mostrar-lhe destaques da cidade e deix\u00e1-lo algumas das suas hist\u00f3rias, lendas urbanas e tamb\u00e9m deixar tempo suficiente para apenas andar por a\u00ed sozinho, fazer compras ou visitar um museu..<\/p>\n<\/div><div class=\"fusion-clearfix\"><\/div><\/div><\/div><div class=\"fusion-layout-column fusion_builder_column fusion-builder-column-3 fusion_builder_column_1_3 1_3 fusion-one-third fusion-column-last\" style=\"--awb-bg-size:cover;width:33.333333333333%;width:calc(33.333333333333% - ( ( 4% ) * 0.33333333333333 ) );\"><div class=\"fusion-column-wrapper fusion-flex-column-wrapper-legacy\"><div class=\"fusion-image-element in-legacy-container\" style=\"--awb-caption-title-font-family:var(--h2_typography-font-family);--awb-caption-title-font-weight:var(--h2_typography-font-weight);--awb-caption-title-font-style:var(--h2_typography-font-style);--awb-caption-title-size:var(--h2_typography-font-size);--awb-caption-title-transform:var(--h2_typography-text-transform);--awb-caption-title-line-height:var(--h2_typography-line-height);--awb-caption-title-letter-spacing:var(--h2_typography-letter-spacing);\"><span class=\" fusion-imageframe imageframe-none imageframe-1 hover-type-none\"><img decoding=\"async\" width=\"614\" height=\"286\" title=\"Jordaan\" src=\"https:\/\/rudystaxicompany.nl\/wp-content\/uploads\/2019\/02\/Jordaan.png\" alt class=\"img-responsive wp-image-1098\" srcset=\"https:\/\/rudystaxicompany.nl\/wp-content\/uploads\/2019\/02\/Jordaan-200x93.png 200w, https:\/\/rudystaxicompany.nl\/wp-content\/uploads\/2019\/02\/Jordaan-400x186.png 400w, https:\/\/rudystaxicompany.nl\/wp-content\/uploads\/2019\/02\/Jordaan-600x279.png 600w, https:\/\/rudystaxicompany.nl\/wp-content\/uploads\/2019\/02\/Jordaan.png 614w\" sizes=\"(max-width: 800px) 100vw, 400px\" \/><\/span><\/div><div class=\"fusion-sep-clear\"><\/div><div class=\"fusion-separator fusion-full-width-sep\" style=\"margin-left: auto;margin-right: auto;margin-top:20px;width:100%;\"><\/div><div class=\"fusion-sep-clear\"><\/div><div class=\"fusion-text fusion-text-2\"><p><strong>Dura<\/strong><strong>\u00e7\u00e3o:\u00a0\u00a0 <\/strong>+\/- 5 horas<br \/>\n<strong>Inclusivo:\u00a0\u00a0 <\/strong>motorista\/guia que fala Portugu\u00eas (carro\/ minivan), estacionamento\/ Iva<br \/>\n<strong>Exclusivo: <\/strong>almo\u00e7o e bebidas (excepto \u00e1gua mineral no carro)<br \/>\n<strong>Pre\u00e7o: <\/strong>\u20ac325,- <em>Mercedes E-Classe sedan<\/em><strong> or <\/strong>\u20ac375,- <em>Mercedes V-Classe minivan<\/em><\/p>\n<\/div><div class=\"fusion-button-wrapper fusion-align-block\"><a class=\"fusion-button button-flat button-medium button-default fusion-button-default button-1 fusion-button-span-yes fusion-button-default-type\" target=\"_self\" href=\"https:\/\/rudystaxicompany.nl\/pt-br\/bookings\/reserva-o-seu-tour-privado\/\"><span class=\"fusion-button-text awb-button__text awb-button__text--default\">Reservar este tour!<\/span><\/a><\/div><div class=\"fusion-clearfix\"><\/div><\/div><\/div><\/div><\/div>\n","protected":false},"excerpt":{"rendered":"","protected":false},"author":2,"featured_media":0,"parent":180,"menu_order":0,"comment_status":"closed","ping_status":"closed","template":"100-width.php","meta":{"footnotes":""},"class_list":["post-1371","page","type-page","status-publish","hentry"],"_links":{"self":[{"href":"https:\/\/rudystaxicompany.nl\/pt-br\/wp-json\/wp\/v2\/pages\/1371","targetHints":{"allow":["GET"]}}],"collection":[{"href":"https:\/\/rudystaxicompany.nl\/pt-br\/wp-json\/wp\/v2\/pages"}],"about":[{"href":"https:\/\/rudystaxicompany.nl\/pt-br\/wp-json\/wp\/v2\/types\/page"}],"author":[{"embeddable":true,"href":"https:\/\/rudystaxicompany.nl\/pt-br\/wp-json\/wp\/v2\/users\/2"}],"replies":[{"embeddable":true,"href":"https:\/\/rudystaxicompany.nl\/pt-br\/wp-json\/wp\/v2\/comments?post=1371"}],"version-history":[{"count":0,"href":"https:\/\/rudystaxicompany.nl\/pt-br\/wp-json\/wp\/v2\/pages\/1371\/revisions"}],"up":[{"embeddable":true,"href":"https:\/\/rudystaxicompany.nl\/pt-br\/wp-json\/wp\/v2\/pages\/180"}],"wp:attachment":[{"href":"https:\/\/rudystaxicompany.nl\/pt-br\/wp-json\/wp\/v2\/media?parent=1371"}],"curies":[{"name":"wp","href":"https:\/\/api.w.org\/{rel}","templated":true}]}}