{"id":1375,"date":"2019-05-10T09:44:32","date_gmt":"2019-05-10T09:44:32","guid":{"rendered":"https:\/\/rudystaxicompany.nl\/private-tours\/hidden-gems\/"},"modified":"2022-05-15T11:54:20","modified_gmt":"2022-05-15T11:54:20","slug":"hidden-gems","status":"publish","type":"page","link":"https:\/\/rudystaxicompany.nl\/pt-br\/private-tours\/hidden-gems\/","title":{"rendered":"Hidden Gems!"},"content":{"rendered":"<div class=\"fusion-fullwidth fullwidth-box fusion-builder-row-1 nonhundred-percent-fullwidth non-hundred-percent-height-scrolling\" style=\"--awb-border-radius-top-left:0px;--awb-border-radius-top-right:0px;--awb-border-radius-bottom-right:0px;--awb-border-radius-bottom-left:0px;--awb-flex-wrap:wrap;\" ><div class=\"fusion-builder-row fusion-row\"><div class=\"fusion-layout-column fusion_builder_column fusion-builder-column-0 fusion_builder_column_1_1 1_1 fusion-one-full fusion-column-first fusion-column-last\" style=\"--awb-bg-size:cover;\"><div class=\"fusion-column-wrapper fusion-flex-column-wrapper-legacy\"><div class=\"fusion-clearfix\"><\/div><\/div><\/div><div class=\"fusion-layout-column fusion_builder_column fusion-builder-column-1 fusion_builder_column_1_1 1_1 fusion-one-full fusion-column-first fusion-column-last\" style=\"--awb-bg-size:cover;\"><div class=\"fusion-column-wrapper fusion-flex-column-wrapper-legacy\"><div class=\"fusion-clearfix\"><\/div><\/div><\/div><div class=\"fusion-layout-column fusion_builder_column fusion-builder-column-2 fusion_builder_column_2_3 2_3 fusion-two-third fusion-column-first\" style=\"--awb-bg-size:cover;width:66.666666666667%;width:calc(66.666666666667% - ( ( 4% ) * 0.66666666666667 ) );margin-right: 4%;\"><div class=\"fusion-column-wrapper fusion-flex-column-wrapper-legacy\"><div class=\"fusion-text fusion-text-1\"><h1>Hidden Gems!<\/h1>\n<h4>Kasteel de Haar, Oud Zuilen,\u00a0 Loenen a\/d Vecht<\/h4>\n<p>Se voc\u00ea quer se afastar da lufa-lufa da cidade, hoje voc\u00ea pode mergulhar-se na paisagem rural holandesa ao longo do rio Vecht e desfrutar as \u201cjoias escondidas\u201d, que voc\u00ea encontrar\u00e1 ao longo do caminho. Uma dessas joias com certeza \u00e9 o Castelo De Haar.<span class=\"Apple-converted-space\">\u00a0<\/span><\/p>\n<p>Atr\u00e1s de cada porta, cada detalhe, cada flor no jardim colorido, h\u00e1 uma hist\u00f3ria. Uma hist\u00f3ria sobre \u00e9pocas anteriores, diferentes culturas e personagens interessantes. De Haar \u00e9 o maior castelo dos Pa\u00edses Baixos, uma vez a resid\u00eancia privada da fam\u00edlia Van Zuylen, cujos descendentes ainda permanecer aqui anualmente.<span class=\"Apple-converted-space\">\u00a0<\/span><\/p>\n<p>No s\u00e9culo passado, o castelo tamb\u00e9m frequentemente hospedados membros do jet set internacional com seu estilo de vida luxuoso; de Coco Chanel para Roger Moore, eles tamb\u00e9m deixaram sua marca nas sumptuosas salas do ponto mais opulento em Utrecht.<\/p>\n<p>Para o almo\u00e7o, h\u00e1 uma variedade de op\u00e7\u00f5es ao longo da margem do rio com vistas deslumbrantes e excelente comida. No nosso caminho de volta ao longo da beira-rio, passaremos diversas cidadezinhas pitorescas, algumas casas magn\u00edficas e t\u00edpico \u00a0para o Holanda rural.<\/p>\n<\/div><div class=\"fusion-clearfix\"><\/div><\/div><\/div><div class=\"fusion-layout-column fusion_builder_column fusion-builder-column-3 fusion_builder_column_1_3 1_3 fusion-one-third fusion-column-last\" style=\"--awb-bg-size:cover;width:33.333333333333%;width:calc(33.333333333333% - ( ( 4% ) * 0.33333333333333 ) );\"><div class=\"fusion-column-wrapper fusion-flex-column-wrapper-legacy\"><div class=\"fusion-image-element in-legacy-container\" style=\"--awb-caption-title-font-family:var(--h2_typography-font-family);--awb-caption-title-font-weight:var(--h2_typography-font-weight);--awb-caption-title-font-style:var(--h2_typography-font-style);--awb-caption-title-size:var(--h2_typography-font-size);--awb-caption-title-transform:var(--h2_typography-text-transform);--awb-caption-title-line-height:var(--h2_typography-line-height);--awb-caption-title-letter-spacing:var(--h2_typography-letter-spacing);\"><span class=\" fusion-imageframe imageframe-none imageframe-1 hover-type-none\"><img decoding=\"async\" width=\"720\" height=\"480\" title=\"kasteel de haar_720x480_72dpi\" src=\"https:\/\/rudystaxicompany.nl\/wp-content\/uploads\/2019\/02\/kasteel-de-haar_720x480_72dpi.jpg\" alt class=\"img-responsive wp-image-1135\" srcset=\"https:\/\/rudystaxicompany.nl\/wp-content\/uploads\/2019\/02\/kasteel-de-haar_720x480_72dpi-200x133.jpg 200w, https:\/\/rudystaxicompany.nl\/wp-content\/uploads\/2019\/02\/kasteel-de-haar_720x480_72dpi-400x267.jpg 400w, https:\/\/rudystaxicompany.nl\/wp-content\/uploads\/2019\/02\/kasteel-de-haar_720x480_72dpi-600x400.jpg 600w, https:\/\/rudystaxicompany.nl\/wp-content\/uploads\/2019\/02\/kasteel-de-haar_720x480_72dpi.jpg 720w\" sizes=\"(max-width: 800px) 100vw, 400px\" \/><\/span><\/div><div class=\"fusion-sep-clear\"><\/div><div class=\"fusion-separator fusion-full-width-sep\" style=\"margin-left: auto;margin-right: auto;margin-top:20px;width:100%;\"><\/div><div class=\"fusion-sep-clear\"><\/div><div class=\"fusion-text fusion-text-2\"><p><strong>Dura<\/strong><strong>\u00e7\u00e3o:\u00a0\u00a0 <\/strong>+\/- 8 horas<br \/>\n<strong>Inclusivo:\u00a0\u00a0 <\/strong>motorista\/guia que fala Portugu\u00eas (carro\/ minivan), estacionamento\/Iva<br \/>\n<strong>Exclusivo: <\/strong>almo\u00e7o e bebidas (excepto \u00e1gua mineral no carro)<br \/>\n<strong>Pre\u00e7o:<\/strong> \u20ac520,- <em>Mercedes E-Classe carro<\/em> <strong>ou<\/strong> \u20ac600,- <em>Mercedes V-Classe minivan<\/em><\/p>\n<\/div><div class=\"fusion-button-wrapper fusion-align-block\"><a class=\"fusion-button button-flat button-medium button-default fusion-button-default button-1 fusion-button-span-yes fusion-button-default-type\" target=\"_self\" href=\"https:\/\/rudystaxicompany.nl\/pt-br\/bookings\/reserva-o-seu-tour-privado\/\"><span class=\"fusion-button-text awb-button__text awb-button__text--default\">Reservar este tour!<\/span><\/a><\/div><div class=\"fusion-clearfix\"><\/div><\/div><\/div><\/div><\/div>\n","protected":false},"excerpt":{"rendered":"","protected":false},"author":2,"featured_media":0,"parent":180,"menu_order":0,"comment_status":"closed","ping_status":"closed","template":"100-width.php","meta":{"footnotes":""},"class_list":["post-1375","page","type-page","status-publish","hentry"],"_links":{"self":[{"href":"https:\/\/rudystaxicompany.nl\/pt-br\/wp-json\/wp\/v2\/pages\/1375","targetHints":{"allow":["GET"]}}],"collection":[{"href":"https:\/\/rudystaxicompany.nl\/pt-br\/wp-json\/wp\/v2\/pages"}],"about":[{"href":"https:\/\/rudystaxicompany.nl\/pt-br\/wp-json\/wp\/v2\/types\/page"}],"author":[{"embeddable":true,"href":"https:\/\/rudystaxicompany.nl\/pt-br\/wp-json\/wp\/v2\/users\/2"}],"replies":[{"embeddable":true,"href":"https:\/\/rudystaxicompany.nl\/pt-br\/wp-json\/wp\/v2\/comments?post=1375"}],"version-history":[{"count":0,"href":"https:\/\/rudystaxicompany.nl\/pt-br\/wp-json\/wp\/v2\/pages\/1375\/revisions"}],"up":[{"embeddable":true,"href":"https:\/\/rudystaxicompany.nl\/pt-br\/wp-json\/wp\/v2\/pages\/180"}],"wp:attachment":[{"href":"https:\/\/rudystaxicompany.nl\/pt-br\/wp-json\/wp\/v2\/media?parent=1375"}],"curies":[{"name":"wp","href":"https:\/\/api.w.org\/{rel}","templated":true}]}}