{"id":160,"date":"2018-02-07T13:12:18","date_gmt":"2018-02-07T13:12:18","guid":{"rendered":"http:\/\/rudystaxicompany.nl\/?page_id=160"},"modified":"2022-03-30T12:58:52","modified_gmt":"2022-03-30T12:58:52","slug":"home","status":"publish","type":"page","link":"https:\/\/rudystaxicompany.nl\/pt-br\/","title":{"rendered":"Home"},"content":{"rendered":"<p><div class=\"fusion-fullwidth fullwidth-box fusion-builder-row-1 hundred-percent-fullwidth non-hundred-percent-height-scrolling\" style=\"--awb-border-radius-top-left:0px;--awb-border-radius-top-right:0px;--awb-border-radius-bottom-right:0px;--awb-border-radius-bottom-left:0px;--awb-padding-right:0px;--awb-padding-left:0px;--awb-margin-top:-65px;--awb-flex-wrap:wrap;\" ><div class=\"fusion-builder-row fusion-row\"><div class=\"fusion-layout-column fusion_builder_column fusion-builder-column-0 fusion_builder_column_1_1 1_1 fusion-one-full fusion-column-first fusion-column-last\" style=\"--awb-bg-size:cover;\"><div class=\"fusion-column-wrapper fusion-flex-column-wrapper-legacy\">\t\t\t\t\t<div class=\"fusion-slider-container fusion-slider-sc-home fusion-slider-10 full-width-slider\" style=\"height:300px; max-width:100%;\" data-id=\"10\" data-full_height=\"\">\n\t\t\t\t\t\t<style type=\"text\/css\">.fusion-slider-10 .flex-direction-nav a {width:63px;height:63px;line-height:63px;font-size:25px;}<\/style>\t\t\t\t\t\t<div class=\"fusion-slider-loading\">Loading...<\/div>\n\t\t\t\t\t\t<div class=\"tfs-slider flexslider main-flex full-width-slider\" data-slider_width=\"100%\" data-slider_height=\"300px\" data-full_screen=\"\" data-nav_box_width=\"63px\" data-nav_box_height=\"63px\" data-nav_arrow_size=\"25px\" style=\"max-width:100%;\">\n\t\t\t\t\t\t\t<ul class=\"slides\">\n\t\t\t\t\t\t\t\t\t\t\t\t\t\t\t\t\t<li data-mute=\"yes\" data-loop=\"yes\" data-autoplay=\"yes\">\n\t\t\t\t\t\t\t\t\t\t<div class=\"slide-content-container slide-content-left\" style=\"display: none;\">\n\t\t\t\t\t\t\t\t\t\t\t<div class=\"slide-content\" style=\"\">\n\t\t\t\t\t\t\t\t\t\t\t\t\t\t\t\t\t\t\t\t\t\t\t\t\t\t\t\t\t\t\t\t\t\t\t\t\t\t\t\t\t\t\t\t\t\t\t\t\t<div class=\"buttons\" >\n\t\t\t\t\t\t\t\t\t\t\t\t\t\t\t\t\t\t\t\t\t\t\t\t\t\t\t\t\t\t\t\t\t\t\t\t\t\t\t\t\t<\/div>\n\t\t\t\t\t\t\t\t\t\t\t\t\t\t\t\t\t\t\t\t\t\t\t<\/div>\n\t\t\t\t\t\t\t\t\t\t<\/div>\n\t\t\t\t\t\t\t\t\t\t\t\t\t\t\t\t\t\t\t\t\t\t\t\t\t\t\t\t\t\t\t\t\t\t\t\t\t\t\t\t<div class=\"background background-image\" style=\"background-image: url(https:\/\/rudystaxicompany.nl\/wp-content\/uploads\/2018\/01\/Amsterdam-zonsondergang-1.jpg);max-width:100%;height:300px;filter: progid:DXImageTransform.Microsoft.AlphaImageLoader(src='https:\/\/rudystaxicompany.nl\/wp-content\/uploads\/2018\/01\/Amsterdam-zonsondergang-1.jpg', sizingMethod='scale');\" data-imgwidth=\"1200\">\n\t\t\t\t\t\t\t\t\t\t\t\t\t\t\t\t\t\t\t\t\t\t\t\t\t\t\t\t\t\t\t\t\t\t\t\t\t\t\t\t\t\t\t\t\t\t\t\t\t\t\t\t\t\t\t\t\t\t\t\t\t\t\t\t\t\t<\/div>\n\t\t\t\t\t\t\t\t\t<\/li>\n\t\t\t\t\t\t\t\t\t\t\t\t\t\t\t\t\t\t\t\t\t\t\t<\/ul>\n\t\t\t\t\t\t<\/div>\n\t\t\t\t\t<\/div>\n\t\t\t\t\t\t\t\t<div class=\"fusion-clearfix\"><\/div><\/div><\/div><\/div><\/div><div class=\"fusion-fullwidth fullwidth-box fusion-builder-row-2 nonhundred-percent-fullwidth non-hundred-percent-height-scrolling\" style=\"--awb-border-radius-top-left:0px;--awb-border-radius-top-right:0px;--awb-border-radius-bottom-right:0px;--awb-border-radius-bottom-left:0px;--awb-padding-top:40px;--awb-flex-wrap:wrap;\" ><div class=\"fusion-builder-row fusion-row\"><div class=\"fusion-layout-column fusion_builder_column fusion-builder-column-1 fusion_builder_column_1_3 1_3 fusion-one-third fusion-column-first\" style=\"--awb-bg-size:cover;width:33.333333333333%;width:calc(33.333333333333% - ( ( 4% + 4% ) * 0.33333333333333 ) );margin-right: 4%;\"><div class=\"fusion-column-wrapper fusion-flex-column-wrapper-legacy\"><div class=\"fusion-image-element fusion-image-align-center in-legacy-container\" style=\"text-align:center;--awb-caption-title-font-family:var(--h2_typography-font-family);--awb-caption-title-font-weight:var(--h2_typography-font-weight);--awb-caption-title-font-style:var(--h2_typography-font-style);--awb-caption-title-size:var(--h2_typography-font-size);--awb-caption-title-transform:var(--h2_typography-text-transform);--awb-caption-title-line-height:var(--h2_typography-line-height);--awb-caption-title-letter-spacing:var(--h2_typography-letter-spacing);\"><div class=\"imageframe-align-center\"><span class=\" fusion-imageframe imageframe-none imageframe-1 hover-type-none\"><img decoding=\"async\" width=\"80\" height=\"80\" title=\"rudys-icoon-airport-assistance_def\" src=\"http:\/\/rudystaxicompany.nl\/wp-content\/uploads\/2018\/01\/rudys-icoon-airport-assistance_def-1-e1517905591254.png\" alt class=\"img-responsive wp-image-943\"\/><\/span><\/div><\/div><div class=\"fusion-sep-clear\"><\/div><div class=\"fusion-separator fusion-full-width-sep\" style=\"margin-left: auto;margin-right: auto;margin-top:20px;width:100%;\"><\/div><div class=\"fusion-sep-clear\"><\/div><div class=\"fusion-title title fusion-title-1 fusion-sep-none fusion-title-center fusion-title-text fusion-title-size-two\" style=\"--awb-margin-top-small:10px;--awb-margin-right-small:0px;--awb-margin-bottom-small:10px;--awb-margin-left-small:0px;\"><h2 class=\"fusion-title-heading title-heading-center\" style=\"margin:0;\">ASSIST\u00caNCIA NO AEROPORTO<\/h2><\/div><div class=\"fusion-text fusion-text-1\"><p>Quando viajar para Amsterd\u00e3o para neg\u00f3cios ou lazer, o servi\u00e7o de acolhimento de Rudy&#8217;s Taxi Company \u00e9 uma \u00f3ptimo alternativa.<\/p>\n<p>Quando chegar ao Aeroporto de Schiphol, Amsterd\u00e3o, o seu motorista estar\u00e1 a sua espera no ponto de encontro. Da\u00ed o motorista acompanha-o a si, e aos seus os seus companheiros se for o caso, para o carro.<\/p>\n<p>Desfrutando de um levado n\u00edvel de conforto durante o seu passeio, poder\u00e1 aceder \u00e0 nossa rede m\u00f3vel com wifi , ler o jornal mais recente e apreciar um refrigerante, dispon\u00edvel no carro.<\/p>\n<\/div><div class=\"fusion-button-wrapper fusion-aligncenter\"><a class=\"fusion-button button-flat button-medium button-default fusion-button-default button-1 fusion-button-default-span \" target=\"_self\" href=\"https:\/\/rudystaxicompany.nl\/pt-br\/transfers\/\"><span class=\"fusion-button-text awb-button__text awb-button__text--default\">reserva o seu transfer<\/span><\/a><\/div><div class=\"fusion-clearfix\"><\/div><\/div><\/div><div class=\"fusion-layout-column fusion_builder_column fusion-builder-column-2 fusion_builder_column_1_3 1_3 fusion-one-third\" style=\"--awb-bg-size:cover;width:33.333333333333%;width:calc(33.333333333333% - ( ( 4% + 4% ) * 0.33333333333333 ) );margin-right: 4%;\"><div class=\"fusion-column-wrapper fusion-flex-column-wrapper-legacy\"><div class=\"fusion-image-element fusion-image-align-center in-legacy-container\" style=\"text-align:center;--awb-caption-title-font-family:var(--h2_typography-font-family);--awb-caption-title-font-weight:var(--h2_typography-font-weight);--awb-caption-title-font-style:var(--h2_typography-font-style);--awb-caption-title-size:var(--h2_typography-font-size);--awb-caption-title-transform:var(--h2_typography-text-transform);--awb-caption-title-line-height:var(--h2_typography-line-height);--awb-caption-title-letter-spacing:var(--h2_typography-letter-spacing);\"><div class=\"imageframe-align-center\"><span class=\" fusion-imageframe imageframe-none imageframe-2 hover-type-none\"><img decoding=\"async\" width=\"80\" height=\"80\" title=\"private-tours\" src=\"http:\/\/rudystaxicompany.nl\/wp-content\/uploads\/2018\/02\/private-tours.png\" alt class=\"img-responsive wp-image-947\" srcset=\"https:\/\/rudystaxicompany.nl\/wp-content\/uploads\/2018\/02\/private-tours-66x66.png 66w, https:\/\/rudystaxicompany.nl\/wp-content\/uploads\/2018\/02\/private-tours.png 80w\" sizes=\"(max-width: 80px) 100vw, 80px\" \/><\/span><\/div><\/div><div class=\"fusion-sep-clear\"><\/div><div class=\"fusion-separator fusion-full-width-sep\" style=\"margin-left: auto;margin-right: auto;margin-top:20px;width:100%;\"><\/div><div class=\"fusion-sep-clear\"><\/div><div class=\"fusion-title title fusion-title-2 fusion-sep-none fusion-title-center fusion-title-text fusion-title-size-two\" style=\"--awb-margin-top-small:10px;--awb-margin-right-small:0px;--awb-margin-bottom-small:10px;--awb-margin-left-small:0px;\"><h2 class=\"fusion-title-heading title-heading-center\" style=\"margin:0;\">EXCURS\u00d5ES PRIVADAS<\/h2><\/div><div class=\"fusion-text fusion-text-2\"><p>Reserva um tour privado para visitar os moinhos de vento, os campos de tulipas, os leil\u00f5es de flores, as f\u00e1bricas de tamancos, as quintas de queijos e os museus.<\/p>\n<p>Mas ainda h\u00e1 muito mais para ver nos Pa\u00edses Baixos. S\u00edtios como Delft, Haia, Rotterdam, os trabalhos Delta e outras aldeias velhas como Volendam, Marken, Gouda e muito mais&#8230;<\/p>\n<p>Excurs\u00f5es di\u00e1rias para as cidades maiores na B\u00e9lgica ou Alemanha tamb\u00e9m podem ser organizadas. Informe-nos o que voc\u00ea gostaria de ver e certamente n\u00f3s encontraremos para si!<\/p>\n<\/div><div class=\"fusion-button-wrapper fusion-aligncenter\"><a class=\"fusion-button button-flat button-medium button-default fusion-button-default button-2 fusion-button-default-span \" target=\"_self\" href=\"https:\/\/rudystaxicompany.nl\/pt-br\/private-tours\/\"><span class=\"fusion-button-text awb-button__text awb-button__text--default\">Escolha o seu tour<\/span><\/a><\/div><div class=\"fusion-clearfix\"><\/div><\/div><\/div><div class=\"fusion-layout-column fusion_builder_column fusion-builder-column-3 fusion_builder_column_1_3 1_3 fusion-one-third fusion-column-last\" style=\"--awb-bg-size:cover;width:33.333333333333%;width:calc(33.333333333333% - ( ( 4% + 4% ) * 0.33333333333333 ) );\"><div class=\"fusion-column-wrapper fusion-flex-column-wrapper-legacy\"><div class=\"fusion-image-element fusion-image-align-center in-legacy-container\" style=\"text-align:center;--awb-caption-title-font-family:var(--h2_typography-font-family);--awb-caption-title-font-weight:var(--h2_typography-font-weight);--awb-caption-title-font-style:var(--h2_typography-font-style);--awb-caption-title-size:var(--h2_typography-font-size);--awb-caption-title-transform:var(--h2_typography-text-transform);--awb-caption-title-line-height:var(--h2_typography-line-height);--awb-caption-title-letter-spacing:var(--h2_typography-letter-spacing);\"><div class=\"imageframe-align-center\"><span class=\" fusion-imageframe imageframe-none imageframe-3 hover-type-none\"><img decoding=\"async\" width=\"80\" height=\"80\" title=\"roadshows\" src=\"http:\/\/rudystaxicompany.nl\/wp-content\/uploads\/2018\/02\/roadshows.png\" alt class=\"img-responsive wp-image-945\" srcset=\"https:\/\/rudystaxicompany.nl\/wp-content\/uploads\/2018\/02\/roadshows-66x66.png 66w, https:\/\/rudystaxicompany.nl\/wp-content\/uploads\/2018\/02\/roadshows.png 80w\" sizes=\"(max-width: 80px) 100vw, 80px\" \/><\/span><\/div><\/div><div class=\"fusion-sep-clear\"><\/div><div class=\"fusion-separator fusion-full-width-sep\" style=\"margin-left: auto;margin-right: auto;margin-top:20px;width:100%;\"><\/div><div class=\"fusion-sep-clear\"><\/div><div class=\"fusion-title title fusion-title-3 fusion-sep-none fusion-title-center fusion-title-text fusion-title-size-two\" style=\"--awb-margin-top-small:10px;--awb-margin-right-small:0px;--awb-margin-bottom-small:10px;--awb-margin-left-small:0px;\"><h2 class=\"fusion-title-heading title-heading-center\" style=\"margin:0;\">ROADSHOWS<\/h2><\/div><div class=\"fusion-text fusion-text-3\"><p>Rudy\u2019s Taxi Company oferece a op\u00e7\u00e3o de reservar a sua limousine com motorista. Os nossos motoristas profissionais levam-no a qualquer destino nos Pa\u00edses Baixos, B\u00e9lgica, Alemanha etc. enquanto voc\u00ea trabalha ou relaxa no carro.<\/p>\n<p>Existe a possibilidade de reservar o carro com motorista por transfer\u00eancia ou por hora (com um m\u00edn. 3 horas\/ incl. 40 km por hora). A tarifa por um Mercedes E-Classe \u00e9 \u20ac60 p\/h, por um Mercedes V-Classe minivan a tarifa \u00e9 \u20ac70,- p\/h. Tamb\u00e9m temos o Mercedes S-Classe limousine por \u20ac85,- p\/h. Manda-nos um email com os seus planos de viagem e nos fazemos a sua oferta!<\/p>\n<\/div><div class=\"fusion-button-wrapper fusion-aligncenter\"><a class=\"fusion-button button-flat button-medium button-default fusion-button-default button-3 fusion-button-default-span \" target=\"_self\" href=\"https:\/\/rudystaxicompany.nl\/pt-br\/roadshow\/\"><span class=\"fusion-button-text awb-button__text awb-button__text--default\">Reserva um roadshow<\/span><\/a><\/div><div class=\"fusion-clearfix\"><\/div><\/div><\/div><\/div><\/div><\/p>\n","protected":false},"excerpt":{"rendered":"","protected":false},"author":2,"featured_media":0,"parent":0,"menu_order":10,"comment_status":"closed","ping_status":"closed","template":"100-width.php","meta":{"footnotes":""},"class_list":["post-160","page","type-page","status-publish","hentry"],"_links":{"self":[{"href":"https:\/\/rudystaxicompany.nl\/pt-br\/wp-json\/wp\/v2\/pages\/160","targetHints":{"allow":["GET"]}}],"collection":[{"href":"https:\/\/rudystaxicompany.nl\/pt-br\/wp-json\/wp\/v2\/pages"}],"about":[{"href":"https:\/\/rudystaxicompany.nl\/pt-br\/wp-json\/wp\/v2\/types\/page"}],"author":[{"embeddable":true,"href":"https:\/\/rudystaxicompany.nl\/pt-br\/wp-json\/wp\/v2\/users\/2"}],"replies":[{"embeddable":true,"href":"https:\/\/rudystaxicompany.nl\/pt-br\/wp-json\/wp\/v2\/comments?post=160"}],"version-history":[{"count":0,"href":"https:\/\/rudystaxicompany.nl\/pt-br\/wp-json\/wp\/v2\/pages\/160\/revisions"}],"wp:attachment":[{"href":"https:\/\/rudystaxicompany.nl\/pt-br\/wp-json\/wp\/v2\/media?parent=160"}],"curies":[{"name":"wp","href":"https:\/\/api.w.org\/{rel}","templated":true}]}}