{"id":350,"date":"2018-02-17T09:49:07","date_gmt":"2018-02-17T09:49:07","guid":{"rendered":"http:\/\/rudystaxicompany.nl\/?page_id=350"},"modified":"2022-05-15T11:47:56","modified_gmt":"2022-05-15T11:47:56","slug":"descobra-o-norte","status":"publish","type":"page","link":"https:\/\/rudystaxicompany.nl\/pt-br\/private-tours\/descobra-o-norte\/","title":{"rendered":"Descobra o norte"},"content":{"rendered":"<div class=\"fusion-fullwidth fullwidth-box fusion-builder-row-1 nonhundred-percent-fullwidth non-hundred-percent-height-scrolling\" style=\"--awb-border-radius-top-left:0px;--awb-border-radius-top-right:0px;--awb-border-radius-bottom-right:0px;--awb-border-radius-bottom-left:0px;--awb-flex-wrap:wrap;\" ><div class=\"fusion-builder-row fusion-row\"><div class=\"fusion-layout-column fusion_builder_column fusion-builder-column-0 fusion_builder_column_1_1 1_1 fusion-one-full fusion-column-first fusion-column-last\" style=\"--awb-bg-size:cover;\"><div class=\"fusion-column-wrapper fusion-flex-column-wrapper-legacy\"><div class=\"fusion-clearfix\"><\/div><\/div><\/div><div class=\"fusion-layout-column fusion_builder_column fusion-builder-column-1 fusion_builder_column_1_1 1_1 fusion-one-full fusion-column-first fusion-column-last\" style=\"--awb-bg-size:cover;\"><div class=\"fusion-column-wrapper fusion-flex-column-wrapper-legacy\"><div class=\"fusion-clearfix\"><\/div><\/div><\/div><div class=\"fusion-layout-column fusion_builder_column fusion-builder-column-2 fusion_builder_column_2_3 2_3 fusion-two-third fusion-column-first\" style=\"--awb-bg-size:cover;width:66.666666666667%;width:calc(66.666666666667% - ( ( 4% ) * 0.66666666666667 ) );margin-right: 4%;\"><div class=\"fusion-column-wrapper fusion-flex-column-wrapper-legacy\"><div class=\"fusion-text fusion-text-1\"><h1>Descobra o norte<\/h1>\n<h4>Marken, Volendam, Edam, Zaanse Schans<\/h4>\n<p>Basta uma breve viagem de carro ao norte de Amsterd\u00e3o para chegar a alguns dos lugares mais aut\u00eanticos da Holanda. Todos j\u00e1 ouviram falar, e talvez at\u00e9 provaram, o queijo holand\u00eas, mas poucos sabem como ele \u00e9 feito. Podemos visitar uma fazenda para ver o processo de fabrica\u00e7\u00e3o de queijo. A arte da queijaria, com sua hist\u00f3ria fascinante, \u00e9 um processo interessante para se ver de perto.<\/p>\n<p>A vila de Marken foi separada do continente ap\u00f3s uma tempestade no s\u00e9culo XIII. Seguiu-se um per\u00edodo de isolamento de s\u00e9culos, durante o qual a comunidade ganhou a vida pescando. Hoje o turismo \u00e9 uma importante fonte de renda. As casas t\u00edpicas lembram o passado, constru\u00eddas sobre estacas e em montes. Voc\u00ea precisa ver para crer como uma comunidade poderia viver numa ilha t\u00e3o pequena no antigo Zuiderzee (&#8220;Mar do Sul&#8221;) durante varios s\u00e9culos.<\/p>\n<p>Volendam, antiga vila de pescadores do IJsselmeer muito tradicional, famosa pela liga\u00e7\u00e3o \u00e0 m\u00fasica e, \u00e9 claro, muito peixe! A caracter\u00edstica mais marcante da vila s\u00e3o as casinhas pr\u00f3ximas ao pequeno porto de pesca.<\/p>\n<p>Vamos deixar o s\u00e9culo XXI para tr\u00e1s e visitamos o museu ao ar livre de Zaanse Schans. As casas tradicionais de madeira do s\u00e9culo XVII e XVIII s\u00e3o pintadas de verde e branco. Moinhos de vento margeiam o rio e pontes em arco atravessam pequenos canais. Sente-se que a atmosfera \u00e9 de paz e tranquilidade!<\/p>\n<\/div><div class=\"fusion-clearfix\"><\/div><\/div><\/div><div class=\"fusion-layout-column fusion_builder_column fusion-builder-column-3 fusion_builder_column_1_3 1_3 fusion-one-third fusion-column-last\" style=\"--awb-bg-size:cover;width:33.333333333333%;width:calc(33.333333333333% - ( ( 4% ) * 0.33333333333333 ) );\"><div class=\"fusion-column-wrapper fusion-flex-column-wrapper-legacy\"><div class=\"fusion-image-element in-legacy-container\" style=\"--awb-caption-title-font-family:var(--h2_typography-font-family);--awb-caption-title-font-weight:var(--h2_typography-font-weight);--awb-caption-title-font-style:var(--h2_typography-font-style);--awb-caption-title-size:var(--h2_typography-font-size);--awb-caption-title-transform:var(--h2_typography-text-transform);--awb-caption-title-line-height:var(--h2_typography-line-height);--awb-caption-title-letter-spacing:var(--h2_typography-letter-spacing);\"><span class=\" fusion-imageframe imageframe-none imageframe-1 hover-type-none\"><img decoding=\"async\" width=\"720\" height=\"480\" title=\"Nederland-Zaanse-Schans-3-molens-720&#215;480\" src=\"http:\/\/rudystaxicompany.nl\/wp-content\/uploads\/2018\/01\/Nederland-Zaanse-Schans-3-molens-720x480-1.jpg\" alt class=\"img-responsive wp-image-913\" srcset=\"https:\/\/rudystaxicompany.nl\/wp-content\/uploads\/2018\/01\/Nederland-Zaanse-Schans-3-molens-720x480-1-200x133.jpg 200w, https:\/\/rudystaxicompany.nl\/wp-content\/uploads\/2018\/01\/Nederland-Zaanse-Schans-3-molens-720x480-1-400x267.jpg 400w, https:\/\/rudystaxicompany.nl\/wp-content\/uploads\/2018\/01\/Nederland-Zaanse-Schans-3-molens-720x480-1-600x400.jpg 600w, https:\/\/rudystaxicompany.nl\/wp-content\/uploads\/2018\/01\/Nederland-Zaanse-Schans-3-molens-720x480-1.jpg 720w\" sizes=\"(max-width: 800px) 100vw, 400px\" \/><\/span><\/div><div class=\"fusion-sep-clear\"><\/div><div class=\"fusion-separator fusion-full-width-sep\" style=\"margin-left: auto;margin-right: auto;margin-top:20px;width:100%;\"><\/div><div class=\"fusion-sep-clear\"><\/div><div class=\"fusion-text fusion-text-2\"><p><strong>Dura<\/strong><strong>\u00e7\u00e3o:\u00a0\u00a0 <\/strong>+\/- 8 horas<br \/>\n<strong>Inclusivo:\u00a0\u00a0 <\/strong>motorista\/guia que fala Portugu\u00eas (carro\/ minivan), estacionamento\/ Iva<br \/>\n<strong>Exclusivo: <\/strong>almo\u00e7o e bebidas (excepto \u00e1gua mineral no carro)<br \/>\n<strong>Pre\u00e7o: <\/strong>\u20ac520,- <em>Mercedes E-Classe sedan<\/em><strong> or <\/strong>\u20ac600,- <em>Mercedes V-Classe minivan<\/em><\/p>\n<\/div><div class=\"fusion-button-wrapper fusion-align-block\"><a class=\"fusion-button button-flat button-medium button-default fusion-button-default button-1 fusion-button-span-yes fusion-button-default-type\" target=\"_self\" href=\"https:\/\/rudystaxicompany.nl\/pt-br\/bookings\/reserva-o-seu-tour-privado\/\"><span class=\"fusion-button-text awb-button__text awb-button__text--default\">Reservar este tour!<\/span><\/a><\/div><div class=\"fusion-clearfix\"><\/div><\/div><\/div><\/div><\/div>\n","protected":false},"excerpt":{"rendered":"","protected":false},"author":2,"featured_media":0,"parent":180,"menu_order":0,"comment_status":"closed","ping_status":"closed","template":"100-width.php","meta":{"footnotes":""},"class_list":["post-350","page","type-page","status-publish","hentry"],"_links":{"self":[{"href":"https:\/\/rudystaxicompany.nl\/pt-br\/wp-json\/wp\/v2\/pages\/350","targetHints":{"allow":["GET"]}}],"collection":[{"href":"https:\/\/rudystaxicompany.nl\/pt-br\/wp-json\/wp\/v2\/pages"}],"about":[{"href":"https:\/\/rudystaxicompany.nl\/pt-br\/wp-json\/wp\/v2\/types\/page"}],"author":[{"embeddable":true,"href":"https:\/\/rudystaxicompany.nl\/pt-br\/wp-json\/wp\/v2\/users\/2"}],"replies":[{"embeddable":true,"href":"https:\/\/rudystaxicompany.nl\/pt-br\/wp-json\/wp\/v2\/comments?post=350"}],"version-history":[{"count":0,"href":"https:\/\/rudystaxicompany.nl\/pt-br\/wp-json\/wp\/v2\/pages\/350\/revisions"}],"up":[{"embeddable":true,"href":"https:\/\/rudystaxicompany.nl\/pt-br\/wp-json\/wp\/v2\/pages\/180"}],"wp:attachment":[{"href":"https:\/\/rudystaxicompany.nl\/pt-br\/wp-json\/wp\/v2\/media?parent=350"}],"curies":[{"name":"wp","href":"https:\/\/api.w.org\/{rel}","templated":true}]}}