{"id":414,"date":"2018-02-18T09:33:11","date_gmt":"2018-02-18T09:33:11","guid":{"rendered":"http:\/\/rudystaxicompany.nl\/?page_id=414"},"modified":"2022-05-15T11:52:02","modified_gmt":"2022-05-15T11:52:02","slug":"brugge","status":"publish","type":"page","link":"https:\/\/rudystaxicompany.nl\/pt-br\/private-tours\/brugge\/","title":{"rendered":"Brugas"},"content":{"rendered":"<div class=\"fusion-fullwidth fullwidth-box fusion-builder-row-1 nonhundred-percent-fullwidth non-hundred-percent-height-scrolling\" style=\"--awb-border-radius-top-left:0px;--awb-border-radius-top-right:0px;--awb-border-radius-bottom-right:0px;--awb-border-radius-bottom-left:0px;--awb-flex-wrap:wrap;\" ><div class=\"fusion-builder-row fusion-row\"><div class=\"fusion-layout-column fusion_builder_column fusion-builder-column-0 fusion_builder_column_1_1 1_1 fusion-one-full fusion-column-first fusion-column-last\" style=\"--awb-bg-size:cover;\"><div class=\"fusion-column-wrapper fusion-flex-column-wrapper-legacy\"><div class=\"fusion-clearfix\"><\/div><\/div><\/div><div class=\"fusion-layout-column fusion_builder_column fusion-builder-column-1 fusion_builder_column_1_1 1_1 fusion-one-full fusion-column-first fusion-column-last\" style=\"--awb-bg-size:cover;\"><div class=\"fusion-column-wrapper fusion-flex-column-wrapper-legacy\"><div class=\"fusion-clearfix\"><\/div><\/div><\/div><div class=\"fusion-layout-column fusion_builder_column fusion-builder-column-2 fusion_builder_column_2_3 2_3 fusion-two-third fusion-column-first\" style=\"--awb-bg-size:cover;width:66.666666666667%;width:calc(66.666666666667% - ( ( 4% ) * 0.66666666666667 ) );margin-right: 4%;\"><div class=\"fusion-column-wrapper fusion-flex-column-wrapper-legacy\"><div class=\"fusion-text fusion-text-1\"><h1>Bruges<\/h1>\n<h4>Delta werken, Neeltje Jans, Bruges<\/h4>\n<p>Al\u00e9m das excurs\u00f5es que fazemos na Holanda, tamb\u00e9m fazemos passeios para as cidades maiores da B\u00e9lgica e at\u00e9 Paris \u00e9 poss\u00edvel.<\/p>\n<p>O Tour de 1 dia Bruges leva-nos via as obras delta para o nosso destino Bruges. As Obras do Delta s\u00e3o as melhores e maiores barreiras contra tempestade do mundo. Saiba por que essas barragens s\u00e3o chamadas de &#8220;oitava maravilha do mundo&#8221;. Elas foram criadas ap\u00f3s as enchentes de 1953 para proteger a terra. Com as Obras do Delta, as chances de outra enchente foram reduzidas para uma vez a cada 4.000 anos.<\/p>\n<p>Chegamos em Bruges por volta da hora do almo\u00e7o, e a seguir fazemos um Tour na cidade. Bruges \u00e9 internacionalmente conhecida e amada. Esta cidade de arte flamenga pertence entre os melhores das cidades patrim\u00f3nio da Europa e do mundo. Em 2000, a Unesco declarou o centro hist\u00f3rico da cidade Patrim\u00f3nio Mundial da UNESCO. Exclusivo para a B\u00e9lgica e uma raridade na Europa!<\/p>\n<p>Depois do Tour voc\u00ea pode simplesmente dar um passeio pelas ruas antigas, pode visitar o museu de chocolates ou fazer um lindo passeio de barco. Ao fim do dia regresso para Amsterd\u00e3o. (Ou continuamos a viagem para Gent, se for um Tour de 2 ou 3 dias<\/p>\n<\/div><div class=\"fusion-clearfix\"><\/div><\/div><\/div><div class=\"fusion-layout-column fusion_builder_column fusion-builder-column-3 fusion_builder_column_1_3 1_3 fusion-one-third fusion-column-last\" style=\"--awb-bg-size:cover;width:33.333333333333%;width:calc(33.333333333333% - ( ( 4% ) * 0.33333333333333 ) );\"><div class=\"fusion-column-wrapper fusion-flex-column-wrapper-legacy\"><div class=\"fusion-image-element in-legacy-container\" style=\"--awb-caption-title-font-family:var(--h2_typography-font-family);--awb-caption-title-font-weight:var(--h2_typography-font-weight);--awb-caption-title-font-style:var(--h2_typography-font-style);--awb-caption-title-size:var(--h2_typography-font-size);--awb-caption-title-transform:var(--h2_typography-text-transform);--awb-caption-title-line-height:var(--h2_typography-line-height);--awb-caption-title-letter-spacing:var(--h2_typography-letter-spacing);\"><span class=\" fusion-imageframe imageframe-none imageframe-1 hover-type-none\"><img decoding=\"async\" width=\"300\" height=\"199\" title=\"Brugge , Belgium map pin\" src=\"http:\/\/rudystaxicompany.nl\/wp-content\/uploads\/2018\/01\/brugge.2-1-300x199.jpg\" alt class=\"img-responsive wp-image-869\" srcset=\"https:\/\/rudystaxicompany.nl\/wp-content\/uploads\/2018\/01\/brugge.2-1-200x133.jpg 200w, https:\/\/rudystaxicompany.nl\/wp-content\/uploads\/2018\/01\/brugge.2-1-400x266.jpg 400w, https:\/\/rudystaxicompany.nl\/wp-content\/uploads\/2018\/01\/brugge.2-1-600x398.jpg 600w, https:\/\/rudystaxicompany.nl\/wp-content\/uploads\/2018\/01\/brugge.2-1.jpg 800w\" sizes=\"(max-width: 800px) 100vw, 400px\" \/><\/span><\/div><div class=\"fusion-sep-clear\"><\/div><div class=\"fusion-separator fusion-full-width-sep\" style=\"margin-left: auto;margin-right: auto;margin-top:20px;width:100%;\"><\/div><div class=\"fusion-sep-clear\"><\/div><div class=\"fusion-text fusion-text-2\"><p><strong>Dura<\/strong><strong>\u00e7\u00e3o:\u00a0\u00a0 <\/strong>+\/- 12 horas<br \/>\n<strong>Inclusivo:\u00a0\u00a0 <\/strong>motorista\/guia que fala Portugu\u00eas (carro\/ minivan), estacionamento\/Iva<br \/>\n<strong>Exclusivo: <\/strong>almo\u00e7o e bebidas (excepto \u00e1gua mineral no carro)<br \/>\n<strong>Pre\u00e7o:<\/strong> \u20ac780,- <em>Mercedes E-Classe carro<\/em> <strong>ou<\/strong> \u20ac900,- <em>Mercedes V-Classe minivan<\/em><\/p>\n<\/div><div class=\"fusion-button-wrapper fusion-align-block\"><a class=\"fusion-button button-flat button-medium button-default fusion-button-default button-1 fusion-button-span-yes fusion-button-default-type\" target=\"_self\" href=\"https:\/\/rudystaxicompany.nl\/pt-br\/bookings\/reserva-o-seu-tour-privado\/\"><span class=\"fusion-button-text awb-button__text awb-button__text--default\">Reservar este tou!<\/span><\/a><\/div><div class=\"fusion-clearfix\"><\/div><\/div><\/div><\/div><\/div>\n","protected":false},"excerpt":{"rendered":"","protected":false},"author":2,"featured_media":0,"parent":180,"menu_order":0,"comment_status":"closed","ping_status":"closed","template":"100-width.php","meta":{"footnotes":""},"class_list":["post-414","page","type-page","status-publish","hentry"],"_links":{"self":[{"href":"https:\/\/rudystaxicompany.nl\/pt-br\/wp-json\/wp\/v2\/pages\/414","targetHints":{"allow":["GET"]}}],"collection":[{"href":"https:\/\/rudystaxicompany.nl\/pt-br\/wp-json\/wp\/v2\/pages"}],"about":[{"href":"https:\/\/rudystaxicompany.nl\/pt-br\/wp-json\/wp\/v2\/types\/page"}],"author":[{"embeddable":true,"href":"https:\/\/rudystaxicompany.nl\/pt-br\/wp-json\/wp\/v2\/users\/2"}],"replies":[{"embeddable":true,"href":"https:\/\/rudystaxicompany.nl\/pt-br\/wp-json\/wp\/v2\/comments?post=414"}],"version-history":[{"count":0,"href":"https:\/\/rudystaxicompany.nl\/pt-br\/wp-json\/wp\/v2\/pages\/414\/revisions"}],"up":[{"embeddable":true,"href":"https:\/\/rudystaxicompany.nl\/pt-br\/wp-json\/wp\/v2\/pages\/180"}],"wp:attachment":[{"href":"https:\/\/rudystaxicompany.nl\/pt-br\/wp-json\/wp\/v2\/media?parent=414"}],"curies":[{"name":"wp","href":"https:\/\/api.w.org\/{rel}","templated":true}]}}