{"id":427,"date":"2018-02-18T09:47:23","date_gmt":"2018-02-18T09:47:23","guid":{"rendered":"http:\/\/rudystaxicompany.nl\/?page_id=427"},"modified":"2023-01-17T11:49:34","modified_gmt":"2023-01-17T11:49:34","slug":"flower-power-march-22-may-13-season-2018","status":"publish","type":"page","link":"https:\/\/rudystaxicompany.nl\/pt-br\/private-tours\/flower-power-march-22-may-13-season-2018\/","title":{"rendered":"Flower Power ( 23 mar\u00e7o &#8211; 14 maio, \u00e9poca 2023)"},"content":{"rendered":"<div class=\"fusion-fullwidth fullwidth-box fusion-builder-row-1 nonhundred-percent-fullwidth non-hundred-percent-height-scrolling\" style=\"--awb-border-radius-top-left:0px;--awb-border-radius-top-right:0px;--awb-border-radius-bottom-right:0px;--awb-border-radius-bottom-left:0px;--awb-flex-wrap:wrap;\" ><div class=\"fusion-builder-row fusion-row\"><div class=\"fusion-layout-column fusion_builder_column fusion-builder-column-0 fusion_builder_column_1_1 1_1 fusion-one-full fusion-column-first fusion-column-last\" style=\"--awb-bg-size:cover;\"><div class=\"fusion-column-wrapper fusion-flex-column-wrapper-legacy\"><div class=\"fusion-clearfix\"><\/div><\/div><\/div><div class=\"fusion-layout-column fusion_builder_column fusion-builder-column-1 fusion_builder_column_1_1 1_1 fusion-one-full fusion-column-first fusion-column-last\" style=\"--awb-bg-size:cover;\"><div class=\"fusion-column-wrapper fusion-flex-column-wrapper-legacy\"><div class=\"fusion-clearfix\"><\/div><\/div><\/div><div class=\"fusion-layout-column fusion_builder_column fusion-builder-column-2 fusion_builder_column_2_3 2_3 fusion-two-third fusion-column-first\" style=\"--awb-bg-size:cover;width:66.666666666667%;width:calc(66.666666666667% - ( ( 4% ) * 0.66666666666667 ) );margin-right: 4%;\"><div class=\"fusion-column-wrapper fusion-flex-column-wrapper-legacy\"><div class=\"fusion-text fusion-text-1\"><h1>Flower Power! (21 de Mar\u00e7o at\u00e9 19 de Maio, 2019)<\/h1>\n<h4>Leil\u00e3o de flores Aalsmeer, Keukenhof<\/h4>\n<p>Holanda &amp; flores s\u00e3o insepar\u00e1veis. As flores d\u00e3o cor \u00e0 paisagem t\u00e3o t\u00edpica holandesa. Campos de tulipas, longas trincheiras estreitas e faixas verdes de relva, criam uma paleta colorida, especialmente nas prov\u00edncias de Hollanda Norte e Flevol\u00e2ndia. Al\u00e9m de serem o principal produto de exporta\u00e7\u00e3o da Holanda, as flores tamb\u00e9m atraem muitos turistas de todo o mundo, ano ap\u00f3s ano.<\/p>\n<p>Flora Holland \u00e9 a maior empresa de leil\u00f5es de flores hoje em dia. Mais de 20 milh\u00f5es de flores e plantas s\u00e3o vendidas na Flora Holland todos os dias, que \u00e9 90% do com\u00e9rcio de flores holand\u00eas. As casas de leil\u00e3o tem cerca de 5.000 membros, 9.000 fornecedores, 3.500 clientes e 4.500 funcion\u00e1rios. O neg\u00f3cio de flores holand\u00eas mant\u00e9m 250.000 empregos em tempo integral em todo o mundo, direta e indiretamente.<\/p>\n<p>Temos que acordar cedo, mas vale a pena visitar! Sentir a tens\u00e3o das salas de leil\u00e3o ao mesmo tempo que v\u00ea passar dezenas de tratores com reboques cheios de flores. Voc\u00ea pode sentir a din\u00e2mica do com\u00e9rcio internacional de flores e plantas em Aalsmeer.<\/p>\n<p>Os primeiros bolbos chegaram \u00e0 Holanda h\u00e1 v\u00e1rios s\u00e9culos, vindos da Turquia e do Ir\u00e3. Imediatamente se tornaram muito populares na Holanda, e a sua chegada foi o come\u00e7o de uma pr\u00f3spera ind\u00fastria de flores. Hoje a Holanda \u00e9 o maior produtor de flores e plantas comercializadas. As tulipas da Holanda s\u00e3o famosas no mundo inteiro.<\/p>\n<p>Se voc\u00ea ama as flores, voc\u00ea n\u00e3o pode perder uma visita a Keukenhof, um parque onde mais 7 milh\u00f5es de bolbos de flores s\u00e3o plantados anualmente! Voc\u00ea ver\u00e1 uma fant\u00e1stica cole\u00e7\u00e3o de tulipas, jacintos, narcisos, orqu\u00eddeas, rosas, cravos, l\u00edrios, l\u00edrios e muitas outras flores. e ser cercado por um espet\u00e1culo de cores e perfumes. Keukenhof inclui v\u00e1rios jardins e quatro pavilh\u00f5es grandes que mostram as mais magn\u00edficas flores imagin\u00e1veis. Cada ano, o Keukenhof cria um novo visual de acordo com um tema central. H\u00e1 tulipas e outras flores em qualquer dire\u00e7\u00e3o que voc\u00ea olha. Embora o parque est\u00e1 aberto apenas oito semanas por ano, atrai cerca de 800.000 visitantes cada ano.<\/p>\n<\/div><div class=\"fusion-clearfix\"><\/div><\/div><\/div><div class=\"fusion-layout-column fusion_builder_column fusion-builder-column-3 fusion_builder_column_1_3 1_3 fusion-one-third fusion-column-last\" style=\"--awb-bg-size:cover;width:33.333333333333%;width:calc(33.333333333333% - ( ( 4% ) * 0.33333333333333 ) );\"><div class=\"fusion-column-wrapper fusion-flex-column-wrapper-legacy\"><div class=\"fusion-image-element in-legacy-container\" style=\"--awb-caption-title-font-family:var(--h2_typography-font-family);--awb-caption-title-font-weight:var(--h2_typography-font-weight);--awb-caption-title-font-style:var(--h2_typography-font-style);--awb-caption-title-size:var(--h2_typography-font-size);--awb-caption-title-transform:var(--h2_typography-text-transform);--awb-caption-title-line-height:var(--h2_typography-line-height);--awb-caption-title-letter-spacing:var(--h2_typography-letter-spacing);\"><span class=\" fusion-imageframe imageframe-none imageframe-1 hover-type-none\"><img decoding=\"async\" width=\"300\" height=\"200\" title=\"flower-power-private-tours\" src=\"http:\/\/rudystaxicompany.nl\/wp-content\/uploads\/2018\/02\/flower-power-private-tours-300x200.jpg\" alt class=\"img-responsive wp-image-975\" srcset=\"https:\/\/rudystaxicompany.nl\/wp-content\/uploads\/2018\/02\/flower-power-private-tours-200x133.jpg 200w, https:\/\/rudystaxicompany.nl\/wp-content\/uploads\/2018\/02\/flower-power-private-tours-400x267.jpg 400w, https:\/\/rudystaxicompany.nl\/wp-content\/uploads\/2018\/02\/flower-power-private-tours-600x400.jpg 600w, https:\/\/rudystaxicompany.nl\/wp-content\/uploads\/2018\/02\/flower-power-private-tours.jpg 720w\" sizes=\"(max-width: 800px) 100vw, 400px\" \/><\/span><\/div><div class=\"fusion-sep-clear\"><\/div><div class=\"fusion-separator fusion-full-width-sep\" style=\"margin-left: auto;margin-right: auto;margin-top:20px;width:100%;\"><\/div><div class=\"fusion-sep-clear\"><\/div><div class=\"fusion-text fusion-text-2\"><p><strong>Dura<\/strong><strong>\u00e7\u00e3o:\u00a0\u00a0 <\/strong>+\/- 8 horas<br \/>\n<strong>Inclusivo:\u00a0\u00a0 <\/strong>motorista\/guia que fala Portugu\u00eas (carro\/ minivan), estacionamento\/Iva<br \/>\n<strong>Exclusivo: <\/strong>almo\u00e7o e bebidas (excepto \u00e1gua mineral no carro)<br \/>\n<strong>Pre\u00e7o:<\/strong> \u20ac520,- <em>Mercedes E-Classe carro<\/em> <strong>ou<\/strong> \u20ac600,- <em>Mercedes V-Classe minivan<\/em><\/p>\n<\/div><div class=\"fusion-button-wrapper fusion-align-block\"><a class=\"fusion-button button-flat button-medium button-default fusion-button-default button-1 fusion-button-span-yes fusion-button-default-type\" target=\"_self\" href=\"https:\/\/rudystaxicompany.nl\/pt-br\/bookings\/reserva-o-seu-tour-privado\/\"><span class=\"fusion-button-text awb-button__text awb-button__text--default\">Reservar este tour!<\/span><\/a><\/div><div class=\"fusion-clearfix\"><\/div><\/div><\/div><\/div><\/div>\n","protected":false},"excerpt":{"rendered":"","protected":false},"author":2,"featured_media":0,"parent":180,"menu_order":0,"comment_status":"closed","ping_status":"closed","template":"100-width.php","meta":{"footnotes":""},"class_list":["post-427","page","type-page","status-publish","hentry"],"_links":{"self":[{"href":"https:\/\/rudystaxicompany.nl\/pt-br\/wp-json\/wp\/v2\/pages\/427","targetHints":{"allow":["GET"]}}],"collection":[{"href":"https:\/\/rudystaxicompany.nl\/pt-br\/wp-json\/wp\/v2\/pages"}],"about":[{"href":"https:\/\/rudystaxicompany.nl\/pt-br\/wp-json\/wp\/v2\/types\/page"}],"author":[{"embeddable":true,"href":"https:\/\/rudystaxicompany.nl\/pt-br\/wp-json\/wp\/v2\/users\/2"}],"replies":[{"embeddable":true,"href":"https:\/\/rudystaxicompany.nl\/pt-br\/wp-json\/wp\/v2\/comments?post=427"}],"version-history":[{"count":0,"href":"https:\/\/rudystaxicompany.nl\/pt-br\/wp-json\/wp\/v2\/pages\/427\/revisions"}],"up":[{"embeddable":true,"href":"https:\/\/rudystaxicompany.nl\/pt-br\/wp-json\/wp\/v2\/pages\/180"}],"wp:attachment":[{"href":"https:\/\/rudystaxicompany.nl\/pt-br\/wp-json\/wp\/v2\/media?parent=427"}],"curies":[{"name":"wp","href":"https:\/\/api.w.org\/{rel}","templated":true}]}}