{"id":434,"date":"2018-02-18T09:49:21","date_gmt":"2018-02-18T09:49:21","guid":{"rendered":"http:\/\/rudystaxicompany.nl\/?page_id=434"},"modified":"2022-05-15T11:48:34","modified_gmt":"2022-05-15T11:48:34","slug":"royal-dutch","status":"publish","type":"page","link":"https:\/\/rudystaxicompany.nl\/pt-br\/private-tours\/royal-dutch\/","title":{"rendered":"Royal Dutch pt"},"content":{"rendered":"<div class=\"fusion-fullwidth fullwidth-box fusion-builder-row-1 nonhundred-percent-fullwidth non-hundred-percent-height-scrolling\" style=\"--awb-border-radius-top-left:0px;--awb-border-radius-top-right:0px;--awb-border-radius-bottom-right:0px;--awb-border-radius-bottom-left:0px;--awb-flex-wrap:wrap;\" ><div class=\"fusion-builder-row fusion-row\"><div class=\"fusion-layout-column fusion_builder_column fusion-builder-column-0 fusion_builder_column_1_1 1_1 fusion-one-full fusion-column-first fusion-column-last\" style=\"--awb-bg-size:cover;\"><div class=\"fusion-column-wrapper fusion-flex-column-wrapper-legacy\"><div class=\"fusion-clearfix\"><\/div><\/div><\/div><div class=\"fusion-layout-column fusion_builder_column fusion-builder-column-1 fusion_builder_column_1_1 1_1 fusion-one-full fusion-column-first fusion-column-last\" style=\"--awb-bg-size:cover;\"><div class=\"fusion-column-wrapper fusion-flex-column-wrapper-legacy\"><div class=\"fusion-clearfix\"><\/div><\/div><\/div><div class=\"fusion-layout-column fusion_builder_column fusion-builder-column-2 fusion_builder_column_2_3 2_3 fusion-two-third fusion-column-first\" style=\"--awb-bg-size:cover;width:66.666666666667%;width:calc(66.666666666667% - ( ( 4% ) * 0.66666666666667 ) );margin-right: 4%;\"><div class=\"fusion-column-wrapper fusion-flex-column-wrapper-legacy\"><div class=\"fusion-text fusion-text-1\"><h1>Royal Dutch<\/h1>\n<h4>Den Haag, Madurodam, Delft, Rotterdam<\/h4>\n<p>Den Haag, cora\u00e7\u00e3o pol\u00edtico do nosso pa\u00eds. Aqui encontramos a resid\u00eancia real, o Pal\u00e1cio da paz e &#8220;het Binnenhof&#8221;. Os edif\u00edcios do Binnenhof, tais como o &#8220;Ridderzaal&#8221; (sal\u00e3o dos cavaleiros), a primeira e segunda C\u00e2mara do Parlamento e a \u201ctorrezinha\u201d do primeiro-ministro, vale a pena ver.<\/p>\n<p>Na hora do almo\u00e7o, n\u00f3s gostar\u00edamos de lhe mostrar Scheveningen, que \u00e9, sem d\u00favida, uma das mais populares lugares \u00e0 beira-mar para os surfistas. Aqui voc\u00ea tamb\u00e9m encontra o melhor peixe fresco!<\/p>\n<p>Ap\u00f3s o almo\u00e7o, dirigimo-nos para Madurodam e Delft, H\u00e1 tanto para ver e descobrir! Delft \u00e9 famosa mundialmente pela sua liga\u00e7\u00e3o com Johannes Vermeer, porcelana de Delft e casa real. Entre 1600 e 1800, Delft foi um dos mais importantes produtores cer\u00e2micos na Europa. Hoje, o Koninklijke Porceleyne Fles \u00e9 o \u00fanico remanescente do s\u00e9culo XVII f\u00e1brica de porcelana de Delft. Seguindo uma tradi\u00e7\u00e3o com v\u00e1rios seculos, a famosa porcelana de Delft ainda hoje \u00e9 pintada a m\u00e3o.<\/p>\n<p>Continuamos nossa jornada para o porto de Roterd\u00e3o. Pode embarcar no barco Spido para ter a melhor vista de um dos maiores portos do mundo! Centenas de navios, os melhores estaleiros de Porto e&#8230; o fant\u00e1stico horizonte de Roterd\u00e3o, com a sua arquitetura moderna<\/p>\n<\/div><div class=\"fusion-clearfix\"><\/div><\/div><\/div><div class=\"fusion-layout-column fusion_builder_column fusion-builder-column-3 fusion_builder_column_1_3 1_3 fusion-one-third fusion-column-last\" style=\"--awb-bg-size:cover;width:33.333333333333%;width:calc(33.333333333333% - ( ( 4% ) * 0.33333333333333 ) );\"><div class=\"fusion-column-wrapper fusion-flex-column-wrapper-legacy\"><div class=\"fusion-image-element in-legacy-container\" style=\"--awb-caption-title-font-family:var(--h2_typography-font-family);--awb-caption-title-font-weight:var(--h2_typography-font-weight);--awb-caption-title-font-style:var(--h2_typography-font-style);--awb-caption-title-size:var(--h2_typography-font-size);--awb-caption-title-transform:var(--h2_typography-text-transform);--awb-caption-title-line-height:var(--h2_typography-line-height);--awb-caption-title-letter-spacing:var(--h2_typography-letter-spacing);\"><span class=\" fusion-imageframe imageframe-none imageframe-1 hover-type-none\"><img decoding=\"async\" width=\"300\" height=\"200\" title=\"royal-dutch-private-tours\" src=\"http:\/\/rudystaxicompany.nl\/wp-content\/uploads\/2018\/02\/royal-dutch-private-tours-300x200.jpg\" alt class=\"img-responsive wp-image-973\" srcset=\"https:\/\/rudystaxicompany.nl\/wp-content\/uploads\/2018\/02\/royal-dutch-private-tours-200x133.jpg 200w, https:\/\/rudystaxicompany.nl\/wp-content\/uploads\/2018\/02\/royal-dutch-private-tours-400x267.jpg 400w, https:\/\/rudystaxicompany.nl\/wp-content\/uploads\/2018\/02\/royal-dutch-private-tours-600x400.jpg 600w, https:\/\/rudystaxicompany.nl\/wp-content\/uploads\/2018\/02\/royal-dutch-private-tours.jpg 720w\" sizes=\"(max-width: 800px) 100vw, 400px\" \/><\/span><\/div><div class=\"fusion-sep-clear\"><\/div><div class=\"fusion-separator fusion-full-width-sep\" style=\"margin-left: auto;margin-right: auto;margin-top:20px;width:100%;\"><\/div><div class=\"fusion-sep-clear\"><\/div><div class=\"fusion-text fusion-text-2\"><p><strong>Dura<\/strong><strong>\u00e7\u00e3o:\u00a0\u00a0 <\/strong>+\/- 8 horas<br \/>\n<strong>Inclusivo:\u00a0\u00a0 <\/strong>motorista\/guia que fala Portugu\u00eas (carro\/ minivan), estacionamento\/Iva<br \/>\n<strong>Exclusivo: <\/strong>almo\u00e7o e bebidas (excepto \u00e1gua mineral no carro)<br \/>\n<strong>Pre\u00e7o:<\/strong> \u20ac520,- <em>Mercedes E-Classe carro<\/em> <strong>ou<\/strong> \u20ac600,- <em>Mercedes V-Classe minivan<\/em><\/p>\n<\/div><div class=\"fusion-button-wrapper fusion-align-block\"><a class=\"fusion-button button-flat button-medium button-default fusion-button-default button-1 fusion-button-span-yes fusion-button-default-type\" target=\"_self\" href=\"https:\/\/rudystaxicompany.nl\/pt-br\/bookings\/reserva-o-seu-tour-privado\/\"><span class=\"fusion-button-text awb-button__text awb-button__text--default\">Reservar este tour!<\/span><\/a><\/div><div class=\"fusion-clearfix\"><\/div><\/div><\/div><\/div><\/div>\n","protected":false},"excerpt":{"rendered":"","protected":false},"author":2,"featured_media":0,"parent":180,"menu_order":0,"comment_status":"closed","ping_status":"closed","template":"100-width.php","meta":{"footnotes":""},"class_list":["post-434","page","type-page","status-publish","hentry"],"_links":{"self":[{"href":"https:\/\/rudystaxicompany.nl\/pt-br\/wp-json\/wp\/v2\/pages\/434","targetHints":{"allow":["GET"]}}],"collection":[{"href":"https:\/\/rudystaxicompany.nl\/pt-br\/wp-json\/wp\/v2\/pages"}],"about":[{"href":"https:\/\/rudystaxicompany.nl\/pt-br\/wp-json\/wp\/v2\/types\/page"}],"author":[{"embeddable":true,"href":"https:\/\/rudystaxicompany.nl\/pt-br\/wp-json\/wp\/v2\/users\/2"}],"replies":[{"embeddable":true,"href":"https:\/\/rudystaxicompany.nl\/pt-br\/wp-json\/wp\/v2\/comments?post=434"}],"version-history":[{"count":0,"href":"https:\/\/rudystaxicompany.nl\/pt-br\/wp-json\/wp\/v2\/pages\/434\/revisions"}],"up":[{"embeddable":true,"href":"https:\/\/rudystaxicompany.nl\/pt-br\/wp-json\/wp\/v2\/pages\/180"}],"wp:attachment":[{"href":"https:\/\/rudystaxicompany.nl\/pt-br\/wp-json\/wp\/v2\/media?parent=434"}],"curies":[{"name":"wp","href":"https:\/\/api.w.org\/{rel}","templated":true}]}}