{"id":442,"date":"2018-02-18T09:51:59","date_gmt":"2018-02-18T09:51:59","guid":{"rendered":"http:\/\/rudystaxicompany.nl\/?page_id=442"},"modified":"2019-05-16T14:19:25","modified_gmt":"2019-05-16T14:19:25","slug":"tailor-made-tours","status":"publish","type":"page","link":"https:\/\/rudystaxicompany.nl\/pt-br\/private-tours\/tailor-made-tours\/","title":{"rendered":"Tailor Made tours pt"},"content":{"rendered":"<div class=\"fusion-fullwidth fullwidth-box fusion-builder-row-1 nonhundred-percent-fullwidth non-hundred-percent-height-scrolling\" style=\"--awb-border-radius-top-left:0px;--awb-border-radius-top-right:0px;--awb-border-radius-bottom-right:0px;--awb-border-radius-bottom-left:0px;--awb-flex-wrap:wrap;\" ><div class=\"fusion-builder-row fusion-row\"><div class=\"fusion-layout-column fusion_builder_column fusion-builder-column-0 fusion_builder_column_1_1 1_1 fusion-one-full fusion-column-first fusion-column-last\" style=\"--awb-bg-size:cover;\"><div class=\"fusion-column-wrapper fusion-flex-column-wrapper-legacy\"><div class=\"fusion-clearfix\"><\/div><\/div><\/div><div class=\"fusion-layout-column fusion_builder_column fusion-builder-column-1 fusion_builder_column_1_1 1_1 fusion-one-full fusion-column-first fusion-column-last\" style=\"--awb-bg-size:cover;\"><div class=\"fusion-column-wrapper fusion-flex-column-wrapper-legacy\"><div class=\"fusion-clearfix\"><\/div><\/div><\/div><div class=\"fusion-layout-column fusion_builder_column fusion-builder-column-2 fusion_builder_column_2_3 2_3 fusion-two-third fusion-column-first\" style=\"--awb-bg-size:cover;width:66.666666666667%;width:calc(66.666666666667% - ( ( 4% ) * 0.66666666666667 ) );margin-right: 4%;\"><div class=\"fusion-column-wrapper fusion-flex-column-wrapper-legacy\"><div class=\"fusion-text fusion-text-1\"><h1>Tailor made tours<\/h1>\n<h4>Passeios pela cidade &#8211; barco privado \u2013 tours de bicicleta &#8211; excurs\u00f5es culin\u00e1rias<\/h4>\n<p>Al\u00e9m dos tours privados que oferecemos, tamb\u00e9m fazemos excurs\u00f5es \u00e0 sua medida. Informe-nos dos seus desejos e n\u00f3s faremos o nosso melhor para criar o Tailor Made Tour perfeito para si!<\/p>\n<p>Quer ficar longe do turismo de masas e gostaria de descobrir coisas diferentes? Nosso guia local de Amsterd\u00e3o pode mostrar-lhe os bairros em torno do centro da cidade, onde a vida real urbana est\u00e1 zumbindo.<\/p>\n<p>Ou torna-se um verdadeiro capit\u00e3o local e aprende algumas dicas &amp; truques como manobrando o seu barco nos canais de Amsterd\u00e3o. Descubra todas as del\u00edcias culin\u00e1rias, que a cidade tem para oferecer ou fa\u00e7a um passeio de bicicleta para descobrir uma parte mais rural a volta de Amesterd\u00e3o. As possibilidades s\u00e3o (quase) infinitas.<\/p>\n<p><strong>Envie-nos seu pedido!<\/strong><\/p>\n<\/div><div class=\"fusion-clearfix\"><\/div><\/div><\/div><div class=\"fusion-layout-column fusion_builder_column fusion-builder-column-3 fusion_builder_column_1_3 1_3 fusion-one-third fusion-column-last\" style=\"--awb-bg-size:cover;width:33.333333333333%;width:calc(33.333333333333% - ( ( 4% ) * 0.33333333333333 ) );\"><div class=\"fusion-column-wrapper fusion-flex-column-wrapper-legacy\"><div class=\"fusion-image-element in-legacy-container\" style=\"--awb-caption-title-font-family:var(--h2_typography-font-family);--awb-caption-title-font-weight:var(--h2_typography-font-weight);--awb-caption-title-font-style:var(--h2_typography-font-style);--awb-caption-title-size:var(--h2_typography-font-size);--awb-caption-title-transform:var(--h2_typography-text-transform);--awb-caption-title-line-height:var(--h2_typography-line-height);--awb-caption-title-letter-spacing:var(--h2_typography-letter-spacing);\"><span class=\" fusion-imageframe imageframe-none imageframe-1 hover-type-none\"><img decoding=\"async\" width=\"640\" height=\"427\" title=\"tailor-made-tours\" src=\"http:\/\/rudystaxicompany.nl\/wp-content\/uploads\/2018\/03\/tailor-made-tours.jpeg\" alt class=\"img-responsive wp-image-1033\" srcset=\"https:\/\/rudystaxicompany.nl\/wp-content\/uploads\/2018\/03\/tailor-made-tours-200x133.jpeg 200w, https:\/\/rudystaxicompany.nl\/wp-content\/uploads\/2018\/03\/tailor-made-tours-400x267.jpeg 400w, https:\/\/rudystaxicompany.nl\/wp-content\/uploads\/2018\/03\/tailor-made-tours-600x400.jpeg 600w, https:\/\/rudystaxicompany.nl\/wp-content\/uploads\/2018\/03\/tailor-made-tours.jpeg 640w\" sizes=\"(max-width: 800px) 100vw, 400px\" \/><\/span><\/div><div class=\"fusion-sep-clear\"><\/div><div class=\"fusion-separator fusion-full-width-sep\" style=\"margin-left: auto;margin-right: auto;margin-top:20px;width:100%;\"><\/div><div class=\"fusion-sep-clear\"><\/div><div class=\"fusion-text fusion-text-2\"><\/div><div class=\"fusion-button-wrapper fusion-align-block\"><a class=\"fusion-button button-flat button-medium button-default fusion-button-default button-1 fusion-button-span-yes fusion-button-default-type\" target=\"_self\" href=\"https:\/\/rudystaxicompany.nl\/bookings\/reserva-agora-tailor-made-tour\/?lang=pt-br\"><span class=\"fusion-button-text awb-button__text awb-button__text--default\">Reservar este tour!<\/span><\/a><\/div><div class=\"fusion-clearfix\"><\/div><\/div><\/div><\/div><\/div>\n","protected":false},"excerpt":{"rendered":"","protected":false},"author":2,"featured_media":0,"parent":180,"menu_order":0,"comment_status":"closed","ping_status":"closed","template":"100-width.php","meta":{"footnotes":""},"class_list":["post-442","page","type-page","status-publish","hentry"],"_links":{"self":[{"href":"https:\/\/rudystaxicompany.nl\/pt-br\/wp-json\/wp\/v2\/pages\/442","targetHints":{"allow":["GET"]}}],"collection":[{"href":"https:\/\/rudystaxicompany.nl\/pt-br\/wp-json\/wp\/v2\/pages"}],"about":[{"href":"https:\/\/rudystaxicompany.nl\/pt-br\/wp-json\/wp\/v2\/types\/page"}],"author":[{"embeddable":true,"href":"https:\/\/rudystaxicompany.nl\/pt-br\/wp-json\/wp\/v2\/users\/2"}],"replies":[{"embeddable":true,"href":"https:\/\/rudystaxicompany.nl\/pt-br\/wp-json\/wp\/v2\/comments?post=442"}],"version-history":[{"count":0,"href":"https:\/\/rudystaxicompany.nl\/pt-br\/wp-json\/wp\/v2\/pages\/442\/revisions"}],"up":[{"embeddable":true,"href":"https:\/\/rudystaxicompany.nl\/pt-br\/wp-json\/wp\/v2\/pages\/180"}],"wp:attachment":[{"href":"https:\/\/rudystaxicompany.nl\/pt-br\/wp-json\/wp\/v2\/media?parent=442"}],"curies":[{"name":"wp","href":"https:\/\/api.w.org\/{rel}","templated":true}]}}